{"id":21317,"date":"2021-01-09T12:22:23","date_gmt":"2021-01-09T10:22:23","guid":{"rendered":"https:\/\/kruul.veebispetsid.com\/?page_id=21317"},"modified":"2021-01-09T14:14:09","modified_gmt":"2021-01-09T12:14:09","slug":"offsettryck","status":"publish","type":"page","link":"https:\/\/kruul.ee\/sv\/tjanster\/offsettryck\/","title":{"rendered":"Offsettryck"},"content":{"rendered":"<div class=\"fusion-fullwidth fullwidth-box fusion-builder-row-1 fusion-flex-container gradient-container-1 nonhundred-percent-fullwidth non-hundred-percent-height-scrolling\" style=\"--awb-border-radius-top-left:0px;--awb-border-radius-top-right:0px;--awb-border-radius-bottom-right:0px;--awb-border-radius-bottom-left:0px;--awb-flex-wrap:wrap;\" ><div class=\"fusion-builder-row fusion-row fusion-flex-align-items-flex-start fusion-flex-content-wrap\" style=\"max-width:1144px;margin-left: calc(-4% \/ 2 );margin-right: calc(-4% \/ 2 );\"><div class=\"fusion-layout-column fusion_builder_column fusion-builder-column-0 fusion_builder_column_1_1 1_1 fusion-flex-column\" style=\"--awb-bg-size:cover;--awb-width-large:100%;--awb-margin-top-large:0px;--awb-spacing-right-large:1.92%;--awb-margin-bottom-large:20px;--awb-spacing-left-large:1.92%;--awb-width-medium:100%;--awb-order-medium:0;--awb-spacing-right-medium:1.92%;--awb-spacing-left-medium:1.92%;--awb-width-small:100%;--awb-order-small:0;--awb-spacing-right-small:1.92%;--awb-spacing-left-small:1.92%;\"><div class=\"fusion-column-wrapper fusion-column-has-shadow fusion-flex-justify-content-flex-start fusion-content-layout-column\"><div class=\"fusion-title title fusion-title-1 fusion-sep-none fusion-title-text fusion-title-size-one\" style=\"--awb-margin-bottom-small:10px;\"><h1 class=\"fusion-title-heading title-heading-left\" style=\"margin:0;\">Offsettryck<\/h1><\/div><div class=\"fusion-title title fusion-title-2 fusion-sep-none fusion-title-text fusion-title-size-six\" style=\"--awb-text-color:#76b42a;--awb-margin-bottom:0px;--awb-margin-bottom-small:10px;\"><h6 class=\"fusion-title-heading title-heading-left\" style=\"margin:0;\">Offsettryck kallas \u00e4ven litografi.<\/h6><\/div><div class=\"fusion-text fusion-text-1\"><p>Med den h\u00e4r tekniken \u00f6verf\u00f6rs bilder (text och m\u00e5lning) fr\u00e5n ett material till ett annat med hj\u00e4lp av tryckpl\u00e5tar. Offset \u00e4r h\u00f6gkvalitativt tryck som kostar mindre men som kan anv\u00e4ndas brett. Man kan till exempel <b>anv\u00e4nda offsettryck till annonser, broschyrer och f\u00f6rpackningar p\u00e5 en arkmatad maskin av h\u00f6g kvalitet.<\/b><\/p>\n<p><b>I nedanst\u00e5ende tabell j\u00e4mf\u00f6rs offsettryck och digitalt tryck.<\/b><\/p>\n<\/div><\/div><\/div><div class=\"fusion-layout-column fusion_builder_column fusion-builder-column-1 fusion_builder_column_1_1 1_1 fusion-flex-column\" style=\"--awb-bg-size:cover;--awb-width-large:100%;--awb-margin-top-large:0px;--awb-spacing-right-large:1.92%;--awb-margin-bottom-large:20px;--awb-spacing-left-large:1.92%;--awb-width-medium:100%;--awb-order-medium:0;--awb-spacing-right-medium:1.92%;--awb-spacing-left-medium:1.92%;--awb-width-small:100%;--awb-order-small:0;--awb-spacing-right-small:1.92%;--awb-spacing-left-small:1.92%;\"><div class=\"fusion-column-wrapper fusion-column-has-shadow fusion-flex-justify-content-flex-start fusion-content-layout-column\"><div class=\"fusion-title title fusion-title-3 fusion-sep-none fusion-title-center fusion-title-text fusion-title-size-six\" style=\"--awb-text-color:#76b42a;--awb-margin-bottom-small:10px;\"><h6 class=\"fusion-title-heading title-heading-center\" style=\"margin:0;\">N\u00e4r b\u00f6r du v\u00e4lja digital och offset?<\/h6><\/div><div class=\"elegant-content-toggle elegant-content-toggle-1 fusion-clearfix \"><style type=\"text\/css\">.elegant-content-toggle.elegant-content-toggle-1 .content-toggle-switch-label {background:#ff0073;}.elegant-content-toggle.elegant-content-toggle-1 .switch-active .content-toggle-switch-label {background:#0095ff;}.elegant-content-toggle.elegant-content-toggle-1 .content-toggle-switch-first,.elegant-content-toggle.elegant-content-toggle-1 .content-toggle-switch-last {font-family: 'Open Sans' ;font-weight: 400;color:#333333;font-size:18px;}<\/style><div class=\"content-toggle-switch\"><div class=\"content-toggle-switch-first\"><span class=\"content-toggle-title\">Offset<\/span><\/div><div class=\"content-toggle-switch-button\"><label class=\"content-toggle-switch-label\"><\/label><\/div><div class=\"content-toggle-switch-last\"><span class=\"content-toggle-title\">Digitalt<\/span><\/div><\/div><div class=\"content-toggle-first active-content\">\r\n<div class=\"table-1\">\r\n<table width=\"100%\">\r\n<thead>\r\n<tr>\r\n<th align=\"left\" width=\"30%\"><\/th>\r\n<th align=\"left\" width=\"70%\"><span style=\"color: #ff0073;\">Offset<\/span><\/th>\r\n<\/tr>\r\n<\/thead>\r\n<tbody>\r\n<tr>\r\n<td align=\"left\"><b>M\u00e4ngd<\/b><\/td>\r\n<td align=\"left\"><span style=\"color: #ff0073;\">750 st eller mera<\/span><\/td>\r\n<\/tr>\r\n<tr>\r\n<td align=\"left\"><b>F\u00e4rger<\/b><\/td>\r\n<td align=\"left\"><span style=\"color: #ff0073;\">Pantone eller CMYK<\/span><\/td>\r\n<\/tr>\r\n<tr>\r\n<td align=\"left\"><strong>Tid f\u00f6r utf\u00f6randet<\/strong><\/td>\r\n<td align=\"left\"><span style=\"color: #ff0073;\">N\u00e5gra dagar upp till en vecka<\/span><\/td>\r\n<\/tr>\r\n<tr>\r\n<td align=\"left\"><b>Pris<\/b><\/td>\r\n<td align=\"left\"><span style=\"color: #ff0073;\"><span style=\"font-weight: 400;\">Billigaste och b\u00e4sta alternativet f\u00f6r stora upplagor<\/span><\/span><\/td>\r\n<\/tr>\r\n<tr>\r\n<td align=\"left\"><b>Kvalitet<\/b><\/td>\r\n<td align=\"left\"><span style=\"color: #ff0073;\"><span style=\"font-weight: 400;\">H\u00f6gsta kvalitet, m\u00f6jligg\u00f6r mikrotryck<\/span><\/span><\/td>\r\n<\/tr>\r\n<tr>\r\n<td align=\"left\"><strong>Variabel text<\/strong><\/td>\r\n<td align=\"left\"><span style=\"color: #ff0073;\"><span style=\"font-weight: 400;\">Endast tillagt numrering vid efterbehandlingen<\/span><\/span><\/td>\r\n<\/tr>\r\n<tr>\r\n<td align=\"left\"><b>Efterbehandling<\/b><\/td>\r\n<td align=\"left\"><span style=\"color: #ff0073;\"><span style=\"font-weight: 400;\">M\u00e5ste torka f\u00f6re efterbehandlingen<\/span><\/span><\/td>\r\n<\/tr>\r\n<tr>\r\n<td align=\"left\"><strong>Speciella f\u00e4rget<\/strong><\/td>\r\n<td align=\"left\"><span style=\"color: #ff0073;\"><span style=\"font-weight: 400;\">M\u00f6jligt att anv\u00e4nda metallic, neon och PMS f\u00e4rger<\/span><\/span><\/td>\r\n<\/tr>\r\n<tr>\r\n<td align=\"left\"><strong>Provupplaga<\/strong><\/td>\r\n<td align=\"left\"><span style=\"color: #ff0073;\"><span style=\"font-weight: 400;\">Provupplaga kan bli dyrt<\/span><\/span><\/td>\r\n<\/tr>\r\n<tr>\r\n<td align=\"left\"><strong>Pappersval<\/strong><\/td>\r\n<td align=\"left\"><span style=\"color: #ff0073;\"><span style=\"font-weight: 400;\">Mycket brett papersval\u00a0 inklusive konstpappe<\/span><\/span><\/td>\r\n<\/tr>\r\n<\/tbody>\r\n<\/table>\r\n<\/div>\r\n<\/div><div class=\"content-toggle-last\">\r\n<div class=\"table-1\">\r\n<table width=\"100%\">\r\n<thead>\r\n<tr>\r\n<th align=\"left\" width=\"30%\"><\/th>\r\n<th align=\"left\" width=\"70%\"><span style=\"color: #0095ff;\">Digitalt<\/span><\/th>\r\n<\/tr>\r\n<\/thead>\r\n<tbody>\r\n<tr>\r\n<td align=\"left\"><strong>M\u00e4ngd<\/strong><\/td>\r\n<td align=\"left\"><span style=\"color: #0095ff;\">1 till 750 st<\/span><\/td>\r\n<\/tr>\r\n<tr>\r\n<td align=\"left\"><strong>F\u00e4rger<\/strong><\/td>\r\n<td align=\"left\"><span style=\"color: #0095ff;\"><span style=\"font-weight: 400;\">endast CMYK<\/span><\/span><\/td>\r\n<\/tr>\r\n<tr>\r\n<td align=\"left\"><strong>Tid f\u00f6r utf\u00f6randet<\/strong><\/td>\r\n<td align=\"left\"><span style=\"color: #0095ff;\"><span style=\"font-weight: 400;\">Inom 24 timmar<\/span><\/span><\/td>\r\n<\/tr>\r\n<tr>\r\n<td align=\"left\"><strong>Pris<\/strong><\/td>\r\n<td align=\"left\"><span style=\"color: #0095ff;\"><span style=\"font-weight: 400;\">B\u00e4sta valet f\u00f6r mindre upplagor<\/span><\/span><\/td>\r\n<\/tr>\r\n<tr>\r\n<td align=\"left\"><strong>Kvalitet<\/strong><\/td>\r\n<td align=\"left\"><span style=\"color: #0095ff;\">H<span style=\"font-weight: 400;\">\u00f6g kvalitet<\/span><\/span><\/td>\r\n<\/tr>\r\n<tr>\r\n<td align=\"left\"><strong>Variabel text<\/strong><\/td>\r\n<td align=\"left\"><span style=\"color: #0095ff;\"><span style=\"font-weight: 400;\">Varje trycksak kan vara helt unik, enkla justeringar<\/span><\/span><\/td>\r\n<\/tr>\r\n<tr>\r\n<td align=\"left\"><strong>Efterbehandling<\/strong><\/td>\r\n<td align=\"left\"><span style=\"color: #0095ff;\"><span style=\"font-weight: 400;\">Kan utf\u00f6ras omedelbart<\/span><\/span><\/td>\r\n<\/tr>\r\n<tr>\r\n<td align=\"left\"><strong>Speciella f\u00e4rger<\/strong><\/td>\r\n<td align=\"left\"><span style=\"color: #0095ff;\"><span style=\"font-weight: 400;\">Endast CMYK tryck kan g\u00f6ras<\/span><\/span><\/td>\r\n<\/tr>\r\n<tr>\r\n<td align=\"left\"><strong>Provupplaga<\/strong><\/td>\r\n<td align=\"left\"><span style=\"color: #0095ff;\"><span style=\"font-weight: 400;\">Provupplaga \u00e4r enkel och matchar slutresultatet<\/span><\/span><\/td>\r\n<\/tr>\r\n<tr>\r\n<td align=\"left\"><strong>Pappersval<\/strong><\/td>\r\n<td align=\"left\"><span style=\"color: #0095ff;\"><span style=\"font-weight: 400;\">Brett urval av papper , exklusive alla typer av konstpapper<\/span><\/span><\/td>\r\n<\/tr>\r\n<\/tbody>\r\n<\/table>\r\n<\/div>\r\n<\/div><\/div><\/div><\/div><\/div><\/div>\n","protected":false},"excerpt":{"rendered":"","protected":false},"author":5,"featured_media":0,"parent":21312,"menu_order":0,"comment_status":"closed","ping_status":"closed","template":"","meta":{"footnotes":""},"_links":{"self":[{"href":"https:\/\/kruul.ee\/sv\/wp-json\/wp\/v2\/pages\/21317"}],"collection":[{"href":"https:\/\/kruul.ee\/sv\/wp-json\/wp\/v2\/pages"}],"about":[{"href":"https:\/\/kruul.ee\/sv\/wp-json\/wp\/v2\/types\/page"}],"author":[{"embeddable":true,"href":"https:\/\/kruul.ee\/sv\/wp-json\/wp\/v2\/users\/5"}],"replies":[{"embeddable":true,"href":"https:\/\/kruul.ee\/sv\/wp-json\/wp\/v2\/comments?post=21317"}],"version-history":[{"count":6,"href":"https:\/\/kruul.ee\/sv\/wp-json\/wp\/v2\/pages\/21317\/revisions"}],"predecessor-version":[{"id":21442,"href":"https:\/\/kruul.ee\/sv\/wp-json\/wp\/v2\/pages\/21317\/revisions\/21442"}],"up":[{"embeddable":true,"href":"https:\/\/kruul.ee\/sv\/wp-json\/wp\/v2\/pages\/21312"}],"wp:attachment":[{"href":"https:\/\/kruul.ee\/sv\/wp-json\/wp\/v2\/media?parent=21317"}],"curies":[{"name":"wp","href":"https:\/\/api.w.org\/{rel}","templated":true}]}}