{"id":21316,"date":"2021-01-09T12:21:07","date_gmt":"2021-01-09T10:21:07","guid":{"rendered":"https:\/\/kruul.veebispetsid.com\/?page_id=21316"},"modified":"2021-01-09T12:21:53","modified_gmt":"2021-01-09T10:21:53","slug":"design","status":"publish","type":"page","link":"https:\/\/kruul.ee\/sv\/tjanster\/design\/","title":{"rendered":"Design"},"content":{"rendered":"<div class=\"fusion-fullwidth fullwidth-box fusion-builder-row-1 fusion-flex-container gradient-container-1 nonhundred-percent-fullwidth non-hundred-percent-height-scrolling\" style=\"--awb-border-radius-top-left:0px;--awb-border-radius-top-right:0px;--awb-border-radius-bottom-right:0px;--awb-border-radius-bottom-left:0px;--awb-flex-wrap:wrap;\" ><div class=\"fusion-builder-row fusion-row fusion-flex-align-items-flex-start fusion-flex-content-wrap\" style=\"max-width:1144px;margin-left: calc(-4% \/ 2 );margin-right: calc(-4% \/ 2 );\"><div class=\"fusion-layout-column fusion_builder_column fusion-builder-column-0 fusion_builder_column_1_1 1_1 fusion-flex-column\" style=\"--awb-bg-size:cover;--awb-width-large:100%;--awb-margin-top-large:0px;--awb-spacing-right-large:1.92%;--awb-margin-bottom-large:20px;--awb-spacing-left-large:1.92%;--awb-width-medium:100%;--awb-order-medium:0;--awb-spacing-right-medium:1.92%;--awb-spacing-left-medium:1.92%;--awb-width-small:100%;--awb-order-small:0;--awb-spacing-right-small:1.92%;--awb-spacing-left-small:1.92%;\"><div class=\"fusion-column-wrapper fusion-column-has-shadow fusion-flex-justify-content-flex-start fusion-content-layout-column\"><div class=\"fusion-title title fusion-title-1 fusion-sep-none fusion-title-text fusion-title-size-one\" style=\"--awb-margin-bottom-small:10px;\"><h1 class=\"fusion-title-heading title-heading-left\" style=\"margin:0;\">Design<\/h1><\/div><div class=\"fusion-title title fusion-title-2 fusion-sep-none fusion-title-text fusion-title-size-six\" style=\"--awb-text-color:#76b42a;--awb-margin-bottom:0px;--awb-margin-bottom-small:10px;\"><h6 class=\"fusion-title-heading title-heading-left\" style=\"margin:0;\">Vi f\u00f6rser ditt f\u00f6retag med en unik look utifr\u00e5n ditt varum\u00e4rkes \u00e4kthet genom att samarbeta med de som \u00e4r specialister inom sitt omr\u00e5de.<\/h6><\/div><div class=\"fusion-text fusion-text-1\"><p>Vi f\u00f6rser ditt f\u00f6retag med en unik look utifr\u00e5n ditt varum\u00e4rkes \u00e4kthet genom att samarbeta med de som \u00e4r specialister inom sitt omr\u00e5de. Vi lyssnar noga p\u00e5 dina \u00f6nskem\u00e5l f\u00f6r att skapa en f\u00f6rpackning med en exakt design som tilltalar din m\u00e5lgrupp. Vi anser att det viktigaste \u00e4r att skapa en k\u00e4nslom\u00e4ssig koppling mellan varum\u00e4rket och kunden &#8211; och ett s\u00e4tt att g\u00f6ra detta \u00e4r genom en uts\u00f6kt design och en funktionell f\u00f6rpackning. Utseendet \u00e4r det som kunderna f\u00f6rst l\u00e4gger m\u00e4rke till och som g\u00f6r att de omedvetet skapar sig en uppfattning om ditt varum\u00e4rke.<\/p>\n<p><b>Kontakta oss idag s\u00e5 hittar vi den b\u00e4sta l\u00f6sningen \u00e5t dig!<\/b><\/p>\n<\/div><div class=\"fusion-image-element \" style=\"--awb-caption-title-font-family:var(--h2_typography-font-family);--awb-caption-title-font-weight:var(--h2_typography-font-weight);--awb-caption-title-font-style:var(--h2_typography-font-style);--awb-caption-title-size:var(--h2_typography-font-size);--awb-caption-title-transform:var(--h2_typography-text-transform);--awb-caption-title-line-height:var(--h2_typography-line-height);--awb-caption-title-letter-spacing:var(--h2_typography-letter-spacing);\"><span class=\" fusion-imageframe imageframe-none imageframe-1 hover-type-none\"><img decoding=\"async\" width=\"800\" height=\"655\" title=\"00-kujundus\" src=\"https:\/\/kruul.ee\/wp-content\/uploads\/2020\/11\/00-kujundus.jpg\" alt class=\"img-responsive wp-image-21207\" srcset=\"https:\/\/kruul.ee\/wp-content\/uploads\/2020\/11\/00-kujundus-200x164.jpg 200w, https:\/\/kruul.ee\/wp-content\/uploads\/2020\/11\/00-kujundus-400x328.jpg 400w, https:\/\/kruul.ee\/wp-content\/uploads\/2020\/11\/00-kujundus-600x491.jpg 600w, https:\/\/kruul.ee\/wp-content\/uploads\/2020\/11\/00-kujundus.jpg 800w\" sizes=\"(max-width: 1024px) 100vw, (max-width: 640px) 100vw, 800px\" \/><\/span><\/div><\/div><\/div><\/div><\/div>\n","protected":false},"excerpt":{"rendered":"","protected":false},"author":5,"featured_media":0,"parent":21312,"menu_order":0,"comment_status":"closed","ping_status":"closed","template":"","meta":{"footnotes":""},"_links":{"self":[{"href":"https:\/\/kruul.ee\/sv\/wp-json\/wp\/v2\/pages\/21316"}],"collection":[{"href":"https:\/\/kruul.ee\/sv\/wp-json\/wp\/v2\/pages"}],"about":[{"href":"https:\/\/kruul.ee\/sv\/wp-json\/wp\/v2\/types\/page"}],"author":[{"embeddable":true,"href":"https:\/\/kruul.ee\/sv\/wp-json\/wp\/v2\/users\/5"}],"replies":[{"embeddable":true,"href":"https:\/\/kruul.ee\/sv\/wp-json\/wp\/v2\/comments?post=21316"}],"version-history":[{"count":3,"href":"https:\/\/kruul.ee\/sv\/wp-json\/wp\/v2\/pages\/21316\/revisions"}],"predecessor-version":[{"id":21346,"href":"https:\/\/kruul.ee\/sv\/wp-json\/wp\/v2\/pages\/21316\/revisions\/21346"}],"up":[{"embeddable":true,"href":"https:\/\/kruul.ee\/sv\/wp-json\/wp\/v2\/pages\/21312"}],"wp:attachment":[{"href":"https:\/\/kruul.ee\/sv\/wp-json\/wp\/v2\/media?parent=21316"}],"curies":[{"name":"wp","href":"https:\/\/api.w.org\/{rel}","templated":true}]}}