{"id":21313,"date":"2021-01-09T12:04:27","date_gmt":"2021-01-09T10:04:27","guid":{"rendered":"https:\/\/kruul.veebispetsid.com\/?page_id=21313"},"modified":"2021-01-09T12:07:51","modified_gmt":"2021-01-09T10:07:51","slug":"foretagsblanketter","status":"publish","type":"page","link":"https:\/\/kruul.ee\/sv\/tjanster\/foretagsblanketter\/","title":{"rendered":"F\u00f6retagsblanketter"},"content":{"rendered":"<div class=\"fusion-fullwidth fullwidth-box fusion-builder-row-1 fusion-flex-container gradient-container-1 nonhundred-percent-fullwidth non-hundred-percent-height-scrolling\" style=\"--awb-border-radius-top-left:0px;--awb-border-radius-top-right:0px;--awb-border-radius-bottom-right:0px;--awb-border-radius-bottom-left:0px;--awb-flex-wrap:wrap;\" ><div class=\"fusion-builder-row fusion-row fusion-flex-align-items-flex-start fusion-flex-content-wrap\" style=\"max-width:1144px;margin-left: calc(-4% \/ 2 );margin-right: calc(-4% \/ 2 );\"><div class=\"fusion-layout-column fusion_builder_column fusion-builder-column-0 fusion_builder_column_1_1 1_1 fusion-flex-column\" style=\"--awb-bg-size:cover;--awb-width-large:100%;--awb-margin-top-large:0px;--awb-spacing-right-large:1.92%;--awb-margin-bottom-large:20px;--awb-spacing-left-large:1.92%;--awb-width-medium:100%;--awb-order-medium:0;--awb-spacing-right-medium:1.92%;--awb-spacing-left-medium:1.92%;--awb-width-small:100%;--awb-order-small:0;--awb-spacing-right-small:1.92%;--awb-spacing-left-small:1.92%;\"><div class=\"fusion-column-wrapper fusion-column-has-shadow fusion-flex-justify-content-flex-start fusion-content-layout-column\"><div class=\"fusion-title title fusion-title-1 fusion-sep-none fusion-title-text fusion-title-size-one\" style=\"--awb-margin-bottom-small:10px;\"><h1 class=\"fusion-title-heading title-heading-left\" style=\"margin:0;\">F\u00f6retagsblanketter<\/h1><\/div><div class=\"fusion-title title fusion-title-2 fusion-sep-none fusion-title-text fusion-title-size-six\" style=\"--awb-text-color:#76b42a;--awb-margin-bottom:0px;--awb-margin-bottom-small:10px;\"><h6 class=\"fusion-title-heading title-heading-left\" style=\"margin:0;\">Vi \u00e4r v\u00e4lk\u00e4nda f\u00f6r v\u00e5r professionella tryckning av f\u00f6retagsblanketter.<\/h6><\/div><div class=\"fusion-text fusion-text-1\"><p>I v\u00e5rt tryckeri har vi m\u00f6jlighet att trycka din f\u00f6retagslogga och kontaktinformation p\u00e5 blanketterna och \u00e4ven l\u00e4gga till annan viktig information f\u00f6r dig och din kund. Blanketter och formul\u00e4r \u00e4r till exempel perfekt f\u00f6r f\u00f6retag som beh\u00f6ver utf\u00e4rda ett stort antal fakturor.<\/p>\n<\/div><div class=\"fusion-image-element \" style=\"--awb-caption-title-font-family:var(--h2_typography-font-family);--awb-caption-title-font-weight:var(--h2_typography-font-weight);--awb-caption-title-font-style:var(--h2_typography-font-style);--awb-caption-title-size:var(--h2_typography-font-size);--awb-caption-title-transform:var(--h2_typography-text-transform);--awb-caption-title-line-height:var(--h2_typography-line-height);--awb-caption-title-letter-spacing:var(--h2_typography-letter-spacing);\"><span class=\" fusion-imageframe imageframe-none imageframe-1 hover-type-none\"><img decoding=\"async\" width=\"800\" height=\"655\" title=\"00-blankett\" src=\"https:\/\/kruul.ee\/wp-content\/uploads\/2020\/11\/00-blankett.jpg\" alt class=\"img-responsive wp-image-21205\" srcset=\"https:\/\/kruul.ee\/wp-content\/uploads\/2020\/11\/00-blankett-200x164.jpg 200w, https:\/\/kruul.ee\/wp-content\/uploads\/2020\/11\/00-blankett-400x328.jpg 400w, https:\/\/kruul.ee\/wp-content\/uploads\/2020\/11\/00-blankett-600x491.jpg 600w, https:\/\/kruul.ee\/wp-content\/uploads\/2020\/11\/00-blankett.jpg 800w\" sizes=\"(max-width: 1024px) 100vw, (max-width: 640px) 100vw, 800px\" \/><\/span><\/div><\/div><\/div><\/div><\/div>\n","protected":false},"excerpt":{"rendered":"","protected":false},"author":5,"featured_media":0,"parent":21312,"menu_order":0,"comment_status":"closed","ping_status":"closed","template":"","meta":{"footnotes":""},"_links":{"self":[{"href":"https:\/\/kruul.ee\/sv\/wp-json\/wp\/v2\/pages\/21313"}],"collection":[{"href":"https:\/\/kruul.ee\/sv\/wp-json\/wp\/v2\/pages"}],"about":[{"href":"https:\/\/kruul.ee\/sv\/wp-json\/wp\/v2\/types\/page"}],"author":[{"embeddable":true,"href":"https:\/\/kruul.ee\/sv\/wp-json\/wp\/v2\/users\/5"}],"replies":[{"embeddable":true,"href":"https:\/\/kruul.ee\/sv\/wp-json\/wp\/v2\/comments?post=21313"}],"version-history":[{"count":4,"href":"https:\/\/kruul.ee\/sv\/wp-json\/wp\/v2\/pages\/21313\/revisions"}],"predecessor-version":[{"id":21330,"href":"https:\/\/kruul.ee\/sv\/wp-json\/wp\/v2\/pages\/21313\/revisions\/21330"}],"up":[{"embeddable":true,"href":"https:\/\/kruul.ee\/sv\/wp-json\/wp\/v2\/pages\/21312"}],"wp:attachment":[{"href":"https:\/\/kruul.ee\/sv\/wp-json\/wp\/v2\/media?parent=21313"}],"curies":[{"name":"wp","href":"https:\/\/api.w.org\/{rel}","templated":true}]}}