{"id":21295,"date":"2021-01-09T11:33:55","date_gmt":"2021-01-09T09:33:55","guid":{"rendered":"https:\/\/kruul.veebispetsid.com\/?page_id=21295"},"modified":"2021-01-09T11:34:24","modified_gmt":"2021-01-09T09:34:24","slug":"designfiler","status":"publish","type":"page","link":"https:\/\/kruul.ee\/sv\/anvisiningar\/designfiler\/","title":{"rendered":"Designfiler"},"content":{"rendered":"<div class=\"fusion-fullwidth fullwidth-box fusion-builder-row-1 fusion-flex-container gradient-container-1 nonhundred-percent-fullwidth non-hundred-percent-height-scrolling\" style=\"--awb-border-radius-top-left:0px;--awb-border-radius-top-right:0px;--awb-border-radius-bottom-right:0px;--awb-border-radius-bottom-left:0px;--awb-flex-wrap:wrap;\" ><div class=\"fusion-builder-row fusion-row fusion-flex-align-items-flex-start fusion-flex-content-wrap\" style=\"max-width:1144px;margin-left: calc(-4% \/ 2 );margin-right: calc(-4% \/ 2 );\"><div class=\"fusion-layout-column fusion_builder_column fusion-builder-column-0 fusion_builder_column_1_1 1_1 fusion-flex-column\" style=\"--awb-bg-size:cover;--awb-width-large:100%;--awb-margin-top-large:0px;--awb-spacing-right-large:1.92%;--awb-margin-bottom-large:20px;--awb-spacing-left-large:1.92%;--awb-width-medium:100%;--awb-order-medium:0;--awb-spacing-right-medium:1.92%;--awb-spacing-left-medium:1.92%;--awb-width-small:100%;--awb-order-small:0;--awb-spacing-right-small:1.92%;--awb-spacing-left-small:1.92%;\"><div class=\"fusion-column-wrapper fusion-column-has-shadow fusion-flex-justify-content-flex-start fusion-content-layout-column\"><div class=\"fusion-title title fusion-title-1 fusion-sep-none fusion-title-text fusion-title-size-one\" style=\"--awb-margin-bottom-small:10px;\"><h1 class=\"fusion-title-heading title-heading-left\" style=\"margin:0;\">Designfiler<\/h1><\/div><div class=\"fusion-text fusion-text-1\"><p>Om du tycker det \u00e4r sv\u00e5rt att ta fram en utskriftsfil kan vi hj\u00e4lpa dig att g\u00f6ra detta.<\/p>\n<\/div><div class=\"fusion-title title fusion-title-2 fusion-sep-none fusion-title-text fusion-title-size-six\" style=\"--awb-text-color:#76b42a;--awb-margin-bottom-small:10px;\"><h6 class=\"fusion-title-heading title-heading-left\" style=\"margin:0;\">Vi har st\u00f6d f\u00f6r f\u00f6ljande program:<\/h6><\/div><ul style=\"--awb-line-height:27.2px;--awb-icon-width:27.2px;--awb-icon-height:27.2px;--awb-icon-margin:11.2px;--awb-content-margin:38.4px;\" class=\"fusion-checklist fusion-checklist-1 fusion-checklist-default type-icons\"><li class=\"fusion-li-item\" style=\"\"><span class=\"icon-wrapper circle-no\"><i class=\"fusion-li-icon fa-check fas\" aria-hidden=\"true\"><\/i><\/span><div class=\"fusion-li-item-content\">Adobe Acrobat .pdf<\/div><\/li><li class=\"fusion-li-item\" style=\"\"><span class=\"icon-wrapper circle-no\"><i class=\"fusion-li-icon fa-check fas\" aria-hidden=\"true\"><\/i><\/span><div class=\"fusion-li-item-content\">Adobe Indesign .indd<\/div><\/li><li class=\"fusion-li-item\" style=\"\"><span class=\"icon-wrapper circle-no\"><i class=\"fusion-li-icon fa-check fas\" aria-hidden=\"true\"><\/i><\/span><div class=\"fusion-li-item-content\">Adobe Photoshop .psd<\/div><\/li><li class=\"fusion-li-item\" style=\"\"><span class=\"icon-wrapper circle-no\"><i class=\"fusion-li-icon fa-check fas\" aria-hidden=\"true\"><\/i><\/span><div class=\"fusion-li-item-content\">\n<p>Adobe Illustrator .ai<\/p>\n<\/div><\/li><li class=\"fusion-li-item\" style=\"\"><span class=\"icon-wrapper circle-no\"><i class=\"fusion-li-icon fa-check fas\" aria-hidden=\"true\"><\/i><\/span><div class=\"fusion-li-item-content\">\n<p>CorelDRAW .cdr<\/p>\n<\/div><\/li><\/ul><div class=\"fusion-separator fusion-full-width-sep\" style=\"align-self: center;margin-left: auto;margin-right: auto;margin-bottom:15px;width:100%;\"><div class=\"fusion-separator-border sep-double\" style=\"--awb-height:20px;--awb-amount:20px;border-color:rgba(255,252,252,0);border-top-width:0px;border-bottom-width:0px;\"><\/div><\/div><div class=\"fusion-text fusion-text-2\"><p>Observera att filer i Word eller Excel inte \u00e4r designfiler. Den tryckbara filen f\u00f6r loggan m\u00e5ste vara i vektorgrafik (pdf\/ai\/cdr).<\/p>\n<\/div><\/div><\/div><\/div><\/div>\n","protected":false},"excerpt":{"rendered":"","protected":false},"author":5,"featured_media":0,"parent":21291,"menu_order":0,"comment_status":"closed","ping_status":"closed","template":"","meta":{"footnotes":""},"_links":{"self":[{"href":"https:\/\/kruul.ee\/sv\/wp-json\/wp\/v2\/pages\/21295"}],"collection":[{"href":"https:\/\/kruul.ee\/sv\/wp-json\/wp\/v2\/pages"}],"about":[{"href":"https:\/\/kruul.ee\/sv\/wp-json\/wp\/v2\/types\/page"}],"author":[{"embeddable":true,"href":"https:\/\/kruul.ee\/sv\/wp-json\/wp\/v2\/users\/5"}],"replies":[{"embeddable":true,"href":"https:\/\/kruul.ee\/sv\/wp-json\/wp\/v2\/comments?post=21295"}],"version-history":[{"count":3,"href":"https:\/\/kruul.ee\/sv\/wp-json\/wp\/v2\/pages\/21295\/revisions"}],"predecessor-version":[{"id":21298,"href":"https:\/\/kruul.ee\/sv\/wp-json\/wp\/v2\/pages\/21295\/revisions\/21298"}],"up":[{"embeddable":true,"href":"https:\/\/kruul.ee\/sv\/wp-json\/wp\/v2\/pages\/21291"}],"wp:attachment":[{"href":"https:\/\/kruul.ee\/sv\/wp-json\/wp\/v2\/media?parent=21295"}],"curies":[{"name":"wp","href":"https:\/\/api.w.org\/{rel}","templated":true}]}}