{"id":21291,"date":"2021-01-09T11:25:21","date_gmt":"2021-01-09T09:25:21","guid":{"rendered":"https:\/\/kruul.veebispetsid.com\/?page_id=21291"},"modified":"2021-01-09T11:36:35","modified_gmt":"2021-01-09T09:36:35","slug":"anvisiningar","status":"publish","type":"page","link":"https:\/\/kruul.ee\/sv\/anvisiningar\/","title":{"rendered":"Anvisiningar"},"content":{"rendered":"<div class=\"fusion-fullwidth fullwidth-box fusion-builder-row-1 fusion-flex-container gradient-container-1 nonhundred-percent-fullwidth non-hundred-percent-height-scrolling\" style=\"--awb-border-radius-top-left:0px;--awb-border-radius-top-right:0px;--awb-border-radius-bottom-right:0px;--awb-border-radius-bottom-left:0px;--awb-flex-wrap:wrap;\" ><div class=\"fusion-builder-row fusion-row fusion-flex-align-items-flex-start fusion-flex-content-wrap\" style=\"max-width:1144px;margin-left: calc(-4% \/ 2 );margin-right: calc(-4% \/ 2 );\"><div class=\"fusion-layout-column fusion_builder_column fusion-builder-column-0 fusion_builder_column_1_1 1_1 fusion-flex-column\" style=\"--awb-bg-size:cover;--awb-width-large:100%;--awb-margin-top-large:0px;--awb-spacing-right-large:1.92%;--awb-margin-bottom-large:20px;--awb-spacing-left-large:1.92%;--awb-width-medium:100%;--awb-order-medium:0;--awb-spacing-right-medium:1.92%;--awb-spacing-left-medium:1.92%;--awb-width-small:100%;--awb-order-small:0;--awb-spacing-right-small:1.92%;--awb-spacing-left-small:1.92%;\"><div class=\"fusion-column-wrapper fusion-column-has-shadow fusion-flex-justify-content-flex-start fusion-content-layout-column\"><div class=\"fusion-title title fusion-title-1 fusion-sep-none fusion-title-text fusion-title-size-one\" style=\"--awb-margin-bottom-small:10px;\"><h1 class=\"fusion-title-heading title-heading-left\" style=\"margin:0;\">Anvisiningar<\/h1><\/div><div class=\"fusion-title title fusion-title-2 fusion-sep-none fusion-title-text fusion-title-size-six\" style=\"--awb-text-color:#76b42a;--awb-margin-bottom:0px;--awb-margin-bottom-small:10px;\"><h6 class=\"fusion-title-heading title-heading-left\" style=\"margin:0;\">Korrekt valt papper ser till att du f\u00e5r den b\u00e4sta utskriftskvaliteten.<\/h6><\/div><div class=\"fusion-text fusion-text-1\"><p>V\u00e5r f\u00f6rs\u00e4ljningsavdelning st\u00e5r alltid redo att hj\u00e4lpa dig med att v\u00e4lja material och att ge dig r\u00e5d med hj\u00e4lp av v\u00e5r kunskap och erfarenhet. N\u00e4r du v\u00e4ljer papper b\u00f6r du s\u00e4rskilt ta h\u00e4nsyn till tv\u00e5 faktorer: gramvikt och papperstyp.<\/p>\n<\/div><\/div><\/div><div class=\"fusion-layout-column fusion_builder_column fusion-builder-column-1 fusion_builder_column_1_1 1_1 fusion-flex-column\" style=\"--awb-bg-size:cover;--awb-width-large:100%;--awb-margin-top-large:0px;--awb-spacing-right-large:1.92%;--awb-margin-bottom-large:20px;--awb-spacing-left-large:1.92%;--awb-width-medium:100%;--awb-order-medium:0;--awb-spacing-right-medium:1.92%;--awb-spacing-left-medium:1.92%;--awb-width-small:100%;--awb-order-small:0;--awb-spacing-right-small:1.92%;--awb-spacing-left-small:1.92%;\"><div class=\"fusion-column-wrapper fusion-column-has-shadow fusion-flex-justify-content-flex-start fusion-content-layout-column\"><div class=\"fusion-title title fusion-title-3 fusion-sep-none fusion-title-text fusion-title-size-six\" style=\"--awb-text-color:#76b42a;--awb-margin-bottom-small:10px;\"><h6 class=\"fusion-title-heading title-heading-left\" style=\"margin:0;\">Gramvikt<\/h6><\/div><div class=\"fusion-text fusion-text-2\"><p><b>Gramvikt,<\/b> eller pappersytvikt, \u00e4r ett m\u00e5tt p\u00e5 hur m\u00e5nga gram en kvadratmeter papper v\u00e4ger. 80 gram papper betyder exempelvis att ett en kvadratmeter av det pappret v\u00e4ger 80 gram.<\/p>\n<p><b>Vilket papper b\u00f6r du v\u00e4lja?<\/b><\/p>\n<\/div>\n<div class=\"table-1\">\n<table width=\"100%\">\n<tbody>\n<tr>\n<td align=\"left\">80\u2013100 g\/m<sup>2<\/sup><\/td>\n<td align=\"left\">skrivpapper (obestruket papper)<\/td>\n<\/tr>\n<tr>\n<td align=\"left\">115\u2013250 g\/ m<sup>2<\/sup><\/td>\n<td align=\"left\">flyer (bestruket papper)<\/td>\n<\/tr>\n<tr>\n<td align=\"left\">130\u2013170 g\/ m<sup>2<\/sup><\/td>\n<td align=\"left\">folder, broschyr (bestruket eller obestruket papper)<\/td>\n<\/tr>\n<tr>\n<td align=\"left\">200\u2013300 g\/ m<sup>2<\/sup><\/td>\n<td align=\"left\">fodlar, CD- och DVD fodlar, f\u00f6rpackning (kartong, bestruket eller obestruket papper)<\/td>\n<\/tr>\n<tr>\n<td align=\"left\">250\u2013350 g\/ m<sup>2<\/sup><\/td>\n<td align=\"left\">visitkort (obestruket, bestruket papper eller strukturerat)<\/td>\n<\/tr>\n<tr>\n<td align=\"left\">250\u2013300 g\/ m<sup>2<\/sup><\/td>\n<td align=\"left\">dokumentskydd (kartong ellet strukturerat paper)<\/td>\n<\/tr>\n<\/tbody>\n<\/table>\n<\/div>\n<\/div><\/div><div class=\"fusion-layout-column fusion_builder_column fusion-builder-column-2 fusion_builder_column_1_1 1_1 fusion-flex-column\" style=\"--awb-bg-size:cover;--awb-width-large:100%;--awb-margin-top-large:0px;--awb-spacing-right-large:1.92%;--awb-margin-bottom-large:20px;--awb-spacing-left-large:1.92%;--awb-width-medium:100%;--awb-order-medium:0;--awb-spacing-right-medium:1.92%;--awb-spacing-left-medium:1.92%;--awb-width-small:100%;--awb-order-small:0;--awb-spacing-right-small:1.92%;--awb-spacing-left-small:1.92%;\"><div class=\"fusion-column-wrapper fusion-column-has-shadow fusion-flex-justify-content-flex-start fusion-content-layout-column\"><div class=\"fusion-title title fusion-title-4 fusion-sep-none fusion-title-text fusion-title-size-six\" style=\"--awb-text-color:#76b42a;--awb-margin-bottom-small:10px;\"><h6 class=\"fusion-title-heading title-heading-left\" style=\"margin:0;\">Papperstyp<\/h6><\/div><div class=\"fusion-text fusion-text-3\"><p><b>Papperet kan delas in i tre olika typer:<\/b><\/p>\n<\/div><ul style=\"--awb-line-height:27.2px;--awb-icon-width:27.2px;--awb-icon-height:27.2px;--awb-icon-margin:11.2px;--awb-content-margin:38.4px;\" class=\"fusion-checklist fusion-checklist-1 fusion-checklist-default type-icons\"><li class=\"fusion-li-item\" style=\"\"><span class=\"icon-wrapper circle-no\"><i class=\"fusion-li-icon fa-check fas\" aria-hidden=\"true\"><\/i><\/span><div class=\"fusion-li-item-content\">\n<p>obestruket papper,<\/p>\n<\/div><\/li><li class=\"fusion-li-item\" style=\"\"><span class=\"icon-wrapper circle-no\"><i class=\"fusion-li-icon fa-check fas\" aria-hidden=\"true\"><\/i><\/span><div class=\"fusion-li-item-content\">\n<p>bestruket papper,<\/p>\n<\/div><\/li><li class=\"fusion-li-item\" style=\"\"><span class=\"icon-wrapper circle-no\"><i class=\"fusion-li-icon fa-check fas\" aria-hidden=\"true\"><\/i><\/span><div class=\"fusion-li-item-content\">\n<p>kartong.<\/p>\n<\/div><\/li><\/ul><div class=\"fusion-separator fusion-full-width-sep\" style=\"align-self: center;margin-left: auto;margin-right: auto;margin-bottom:15px;width:100%;\"><div class=\"fusion-separator-border sep-double\" style=\"--awb-height:20px;--awb-amount:20px;border-color:rgba(255,252,252,0);border-top-width:0px;border-bottom-width:0px;\"><\/div><\/div><div class=\"fusion-text fusion-text-4\"><p><b>1. Obestruket papper<\/b><br \/>\nYtan p\u00e5 obestruket papper \u00e4r matt. Dessa \u00e4r bland annat, till exempel, vitt offsetpapper, som vanligtvis anv\u00e4nds f\u00f6r att trycka brevhuvuden och bokinneh\u00e5ll. Dessutom ing\u00e5r olika typer av tonade och strukturerade papper (de senare anv\u00e4nds mest f\u00f6r mer representativa och speciella publikationer, s\u00e5som dokumentskydd, inbjudningar och visitkort).<\/p>\n<p><b>2. Bestruket papper<\/b><br \/>\nDetta \u00e4r ett matt eller glansigt papper med sl\u00e4t yta. Vi rekommenderar att du anv\u00e4nder bestruket papper i f\u00e4rgmedia, t.ex. reklammaterial. Den passar f\u00f6r tryck av h\u00f6gkvalitativa bilder och marknadsf\u00f6ringsmaterial.<\/p>\n<p><strong>3. Kartong<\/strong><br \/>\nKartong \u00e4r ett material best\u00e5ende av flera lager och \u00e4r d\u00e4rf\u00f6r starkare och mer h\u00e5llbart. Beroende p\u00e5 syftet med produkten kan du v\u00e4lja kartong med olika egenskaper. Kartong anv\u00e4nds till f\u00f6rpackningar, dokumentskydd, blockomslag, fodral, med mera.<\/p>\n<\/div><\/div><\/div><\/div><\/div>\n","protected":false},"excerpt":{"rendered":"","protected":false},"author":5,"featured_media":0,"parent":0,"menu_order":0,"comment_status":"closed","ping_status":"closed","template":"","meta":{"footnotes":""},"_links":{"self":[{"href":"https:\/\/kruul.ee\/sv\/wp-json\/wp\/v2\/pages\/21291"}],"collection":[{"href":"https:\/\/kruul.ee\/sv\/wp-json\/wp\/v2\/pages"}],"about":[{"href":"https:\/\/kruul.ee\/sv\/wp-json\/wp\/v2\/types\/page"}],"author":[{"embeddable":true,"href":"https:\/\/kruul.ee\/sv\/wp-json\/wp\/v2\/users\/5"}],"replies":[{"embeddable":true,"href":"https:\/\/kruul.ee\/sv\/wp-json\/wp\/v2\/comments?post=21291"}],"version-history":[{"count":4,"href":"https:\/\/kruul.ee\/sv\/wp-json\/wp\/v2\/pages\/21291\/revisions"}],"predecessor-version":[{"id":21303,"href":"https:\/\/kruul.ee\/sv\/wp-json\/wp\/v2\/pages\/21291\/revisions\/21303"}],"wp:attachment":[{"href":"https:\/\/kruul.ee\/sv\/wp-json\/wp\/v2\/media?parent=21291"}],"curies":[{"name":"wp","href":"https:\/\/api.w.org\/{rel}","templated":true}]}}