{"id":21284,"date":"2021-01-09T11:19:39","date_gmt":"2021-01-09T09:19:39","guid":{"rendered":"https:\/\/kruul.veebispetsid.com\/?page_id=21284"},"modified":"2021-01-09T11:21:58","modified_gmt":"2021-01-09T09:21:58","slug":"losningar","status":"publish","type":"page","link":"https:\/\/kruul.ee\/sv\/om-oss\/losningar\/","title":{"rendered":"L\u00f6sningar"},"content":{"rendered":"<div class=\"fusion-fullwidth fullwidth-box fusion-builder-row-1 fusion-flex-container gradient-container-1 nonhundred-percent-fullwidth non-hundred-percent-height-scrolling\" style=\"--awb-border-radius-top-left:0px;--awb-border-radius-top-right:0px;--awb-border-radius-bottom-right:0px;--awb-border-radius-bottom-left:0px;--awb-flex-wrap:wrap;\" ><div class=\"fusion-builder-row fusion-row fusion-flex-align-items-flex-start fusion-flex-content-wrap\" style=\"max-width:1144px;margin-left: calc(-4% \/ 2 );margin-right: calc(-4% \/ 2 );\"><div class=\"fusion-layout-column fusion_builder_column fusion-builder-column-0 fusion_builder_column_1_1 1_1 fusion-flex-column\" style=\"--awb-bg-size:cover;--awb-width-large:100%;--awb-margin-top-large:0px;--awb-spacing-right-large:1.92%;--awb-margin-bottom-large:20px;--awb-spacing-left-large:1.92%;--awb-width-medium:100%;--awb-order-medium:0;--awb-spacing-right-medium:1.92%;--awb-spacing-left-medium:1.92%;--awb-width-small:100%;--awb-order-small:0;--awb-spacing-right-small:1.92%;--awb-spacing-left-small:1.92%;\"><div class=\"fusion-column-wrapper fusion-column-has-shadow fusion-flex-justify-content-flex-start fusion-content-layout-column\"><div class=\"fusion-title title fusion-title-1 fusion-sep-none fusion-title-text fusion-title-size-one\" style=\"--awb-margin-bottom-small:10px;\"><h1 class=\"fusion-title-heading title-heading-left\" style=\"margin:0;\">L\u00f6sningar<\/h1><\/div><div class=\"fusion-title title fusion-title-2 fusion-sep-none fusion-title-text fusion-title-size-six\" style=\"--awb-text-color:#76b42a;--awb-margin-bottom:0px;--awb-margin-bottom-small:10px;\"><h6 class=\"fusion-title-heading title-heading-left\" style=\"margin:0;\">Tack vare v\u00e5r l\u00e5nga erfarenhet vet vi hur vi g\u00f6r f\u00f6r att anpassa oss efter \u00f6nskningar och behov hos v\u00e5ra kunder.<\/h6><\/div><div class=\"fusion-text fusion-text-1\"><p>Vi finner alltid den l\u00f6sningen som \u00e4r b\u00e4st f\u00f6r ditt varum\u00e4rke och som p\u00e5 ett dynamiskt s\u00e4tt lyfter fram egenskaperna hos den. Genom att kombinera olika alternativ f\u00f6r tryck och efterbehandling blir antalet produkter obegr\u00e4nsat.<\/p>\n<\/div><div class=\"fusion-title title fusion-title-3 fusion-sep-none fusion-title-text fusion-title-size-six\" style=\"--awb-text-color:#76b42a;--awb-margin-bottom:0px;--awb-margin-bottom-small:10px;\"><h6 class=\"fusion-title-heading title-heading-left\" style=\"margin:0;\">Personlig service<\/h6><\/div><div class=\"fusion-text fusion-text-2\"><p>V\u00e5ra s\u00e4ljspecialister hj\u00e4lper dig under varje steg av processen. Kontakta v\u00e5r f\u00f6rs\u00e4ljningsavdelning idag och vi kommer tillsammans fram till svar p\u00e5 allt du undrar vad g\u00e4ller dina publikationer.<\/p>\n<\/div><div class=\"fusion-title title fusion-title-4 fusion-sep-none fusion-title-text fusion-title-size-six\" style=\"--awb-text-color:#76b42a;--awb-margin-bottom:0px;--awb-margin-bottom-small:10px;\"><h6 class=\"fusion-title-heading title-heading-left\" style=\"margin:0;\">Brett sortiment av trycksaker och f\u00f6rpackningar med tryck<\/h6><\/div><div class=\"fusion-text fusion-text-3\"><p>F\u00f6rutom l\u00e5ng erfarenhet och de b\u00e4sta tekniska l\u00f6sningarna erbjuder Kruuli Printing House \u00e4ven ett av de bredaste produktsortimenten i Estland. Vi hanterar din produkt fr\u00e5n b\u00f6rjan till slut &#8211; allt fr\u00e5n design och layout till f\u00f6rpackning och leverans.<\/p>\n<\/div><div class=\"fusion-title title fusion-title-5 fusion-sep-none fusion-title-text fusion-title-size-six\" style=\"--awb-text-color:#76b42a;--awb-margin-bottom:0px;--awb-margin-bottom-small:10px;\"><h6 class=\"fusion-title-heading title-heading-left\" style=\"margin:0;\">V\u00e5ra mest tillverkade produkter:<\/h6><\/div><ul style=\"--awb-line-height:27.2px;--awb-icon-width:27.2px;--awb-icon-height:27.2px;--awb-icon-margin:11.2px;--awb-content-margin:38.4px;\" class=\"fusion-checklist fusion-checklist-1 fusion-checklist-default type-icons\"><li class=\"fusion-li-item\" style=\"\"><span class=\"icon-wrapper circle-no\"><i class=\"fusion-li-icon fa-check fas\" aria-hidden=\"true\"><\/i><\/span><div class=\"fusion-li-item-content\">\n<p>kartonger och formar f\u00f6r olika typer av matvaror, boxar och b\u00e4gare med tryck<\/p>\n<\/div><\/li><li class=\"fusion-li-item\" style=\"\"><span class=\"icon-wrapper circle-no\"><i class=\"fusion-li-icon fa-check fas\" aria-hidden=\"true\"><\/i><\/span><div class=\"fusion-li-item-content\">\n<p>l\u00e5dor, askar, pappersettiketter, klisterm\u00e4rken, automater och display<\/p>\n<\/div><\/li><li class=\"fusion-li-item\" style=\"\"><span class=\"icon-wrapper circle-no\"><i class=\"fusion-li-icon fa-check fas\" aria-hidden=\"true\"><\/i><\/span><div class=\"fusion-li-item-content\">\n<p>annonspublikationer, flyers , affischer<\/p>\n<\/div><\/li><li class=\"fusion-li-item\" style=\"\"><span class=\"icon-wrapper circle-no\"><i class=\"fusion-li-icon fa-check fas\" aria-hidden=\"true\"><\/i><\/span><div class=\"fusion-li-item-content\">\n<p>broschyrer, foldrar , anteckningsb\u00f6cker<\/p>\n<\/div><\/li><li class=\"fusion-li-item\" style=\"\"><span class=\"icon-wrapper circle-no\"><i class=\"fusion-li-icon fa-check fas\" aria-hidden=\"true\"><\/i><\/span><div class=\"fusion-li-item-content\">\n<p>p\u00e4rmar, manualer,kataloger, \u00e5rsb\u00f6cker<\/p>\n<\/div><\/li><li class=\"fusion-li-item\" style=\"\"><span class=\"icon-wrapper circle-no\"><i class=\"fusion-li-icon fa-check fas\" aria-hidden=\"true\"><\/i><\/span><div class=\"fusion-li-item-content\">\n<p>pappf\u00f6rpackning, , CD\/DVD-fodral<\/p>\n<\/div><\/li><li class=\"fusion-li-item\" style=\"\"><span class=\"icon-wrapper circle-no\"><i class=\"fusion-li-icon fa-check fas\" aria-hidden=\"true\"><\/i><\/span><div class=\"fusion-li-item-content\">\n<p>f\u00f6retagsblanketter, visitkort, kuvert<\/p>\n<\/div><\/li><\/ul><div class=\"fusion-image-element \" style=\"--awb-margin-top:15px;--awb-margin-bottom:15px;--awb-caption-title-font-family:var(--h2_typography-font-family);--awb-caption-title-font-weight:var(--h2_typography-font-weight);--awb-caption-title-font-style:var(--h2_typography-font-style);--awb-caption-title-size:var(--h2_typography-font-size);--awb-caption-title-transform:var(--h2_typography-text-transform);--awb-caption-title-line-height:var(--h2_typography-line-height);--awb-caption-title-letter-spacing:var(--h2_typography-letter-spacing);\"><span class=\" fusion-imageframe imageframe-none imageframe-1 hover-type-zoomin\"><a href=\"https:\/\/kruul.ee\/wp-content\/uploads\/2020\/12\/020201126_4621.jpg\" class=\"fusion-lightbox\" data-rel=\"iLightbox[43e54304b15faf6d1db]\" data-title=\"020201126_4621\" title=\"020201126_4621\"><img decoding=\"async\" width=\"1200\" height=\"800\" src=\"https:\/\/kruul.ee\/wp-content\/uploads\/2020\/12\/020201126_4621.jpg\" alt class=\"img-responsive wp-image-21287\" srcset=\"https:\/\/kruul.ee\/wp-content\/uploads\/2020\/12\/020201126_4621-200x133.jpg 200w, https:\/\/kruul.ee\/wp-content\/uploads\/2020\/12\/020201126_4621-400x267.jpg 400w, https:\/\/kruul.ee\/wp-content\/uploads\/2020\/12\/020201126_4621-600x400.jpg 600w, https:\/\/kruul.ee\/wp-content\/uploads\/2020\/12\/020201126_4621-800x533.jpg 800w, https:\/\/kruul.ee\/wp-content\/uploads\/2020\/12\/020201126_4621.jpg 1200w\" sizes=\"(max-width: 1024px) 100vw, (max-width: 640px) 100vw, 1200px\" \/><\/a><\/span><\/div><\/div><\/div><\/div><\/div>\n","protected":false},"excerpt":{"rendered":"","protected":false},"author":5,"featured_media":0,"parent":21222,"menu_order":0,"comment_status":"closed","ping_status":"closed","template":"","meta":{"footnotes":""},"_links":{"self":[{"href":"https:\/\/kruul.ee\/sv\/wp-json\/wp\/v2\/pages\/21284"}],"collection":[{"href":"https:\/\/kruul.ee\/sv\/wp-json\/wp\/v2\/pages"}],"about":[{"href":"https:\/\/kruul.ee\/sv\/wp-json\/wp\/v2\/types\/page"}],"author":[{"embeddable":true,"href":"https:\/\/kruul.ee\/sv\/wp-json\/wp\/v2\/users\/5"}],"replies":[{"embeddable":true,"href":"https:\/\/kruul.ee\/sv\/wp-json\/wp\/v2\/comments?post=21284"}],"version-history":[{"count":4,"href":"https:\/\/kruul.ee\/sv\/wp-json\/wp\/v2\/pages\/21284\/revisions"}],"predecessor-version":[{"id":21289,"href":"https:\/\/kruul.ee\/sv\/wp-json\/wp\/v2\/pages\/21284\/revisions\/21289"}],"up":[{"embeddable":true,"href":"https:\/\/kruul.ee\/sv\/wp-json\/wp\/v2\/pages\/21222"}],"wp:attachment":[{"href":"https:\/\/kruul.ee\/sv\/wp-json\/wp\/v2\/media?parent=21284"}],"curies":[{"name":"wp","href":"https:\/\/api.w.org\/{rel}","templated":true}]}}