{"id":21280,"date":"2021-01-09T11:11:59","date_gmt":"2021-01-09T09:11:59","guid":{"rendered":"https:\/\/kruul.veebispetsid.com\/?page_id=21280"},"modified":"2021-01-09T11:15:04","modified_gmt":"2021-01-09T09:15:04","slug":"om-miljon","status":"publish","type":"page","link":"https:\/\/kruul.ee\/sv\/om-oss\/om-miljon\/","title":{"rendered":"Om milj\u00f6n"},"content":{"rendered":"<div class=\"fusion-fullwidth fullwidth-box fusion-builder-row-1 fusion-flex-container gradient-container-1 nonhundred-percent-fullwidth non-hundred-percent-height-scrolling\" style=\"--awb-border-radius-top-left:0px;--awb-border-radius-top-right:0px;--awb-border-radius-bottom-right:0px;--awb-border-radius-bottom-left:0px;--awb-flex-wrap:wrap;\" ><div class=\"fusion-builder-row fusion-row fusion-flex-align-items-flex-start fusion-flex-content-wrap\" style=\"max-width:1144px;margin-left: calc(-4% \/ 2 );margin-right: calc(-4% \/ 2 );\"><div class=\"fusion-layout-column fusion_builder_column fusion-builder-column-0 fusion_builder_column_1_1 1_1 fusion-flex-column\" style=\"--awb-bg-size:cover;--awb-width-large:100%;--awb-margin-top-large:0px;--awb-spacing-right-large:1.92%;--awb-margin-bottom-large:20px;--awb-spacing-left-large:1.92%;--awb-width-medium:100%;--awb-order-medium:0;--awb-spacing-right-medium:1.92%;--awb-spacing-left-medium:1.92%;--awb-width-small:100%;--awb-order-small:0;--awb-spacing-right-small:1.92%;--awb-spacing-left-small:1.92%;\"><div class=\"fusion-column-wrapper fusion-column-has-shadow fusion-flex-justify-content-flex-start fusion-content-layout-column\"><div class=\"fusion-title title fusion-title-1 fusion-sep-none fusion-title-text fusion-title-size-one\" style=\"--awb-margin-bottom-small:10px;\"><h1 class=\"fusion-title-heading title-heading-left\" style=\"margin:0;\">Om milj\u00f6n<\/h1><\/div><div class=\"fusion-title title fusion-title-2 fusion-sep-none fusion-title-text fusion-title-size-six\" style=\"--awb-text-color:#76b42a;--awb-margin-bottom:0px;--awb-margin-bottom-small:10px;\"><h6 class=\"fusion-title-heading title-heading-left\" style=\"margin:0;\">Kruuli Tr\u00fckikoja O\u00dc grundar sin verksamhet p\u00e5 milj\u00f6m\u00e4ssiga v\u00e4rden.<\/h6><\/div><div class=\"fusion-text fusion-text-1\"><p>Vi har s\u00f6kt tillst\u00e5nd f\u00f6r luftf\u00f6roreningar och vi har alltid f\u00f6ljt \u00f6vriga internationella milj\u00f6best\u00e4mmelser. N\u00e4r vi placerar produkten p\u00e5 ett ark ser vi noggrant till att materialf\u00f6rlusten blir s\u00e5 liten som m\u00f6jligt. Vi m\u00e4ter genomg\u00e5ende den m\u00e4ngd material som anv\u00e4nds per produktenhet. Vi analyserar v\u00e5r verksamhet kvartalsvis. Det \u00e4r d\u00e4rf\u00f6r v\u00e5ra tryckerier alltid \u00e4r fr\u00e4scha och redo att avancera fram\u00e5t. V\u00e5r prioritet \u00e4r en energieffektiv tillverkningsprocess, vilket \u00e4r sk\u00e4let till att vi moderniserar och effektiviserar v\u00e5ra tillverkningsmetoder. Vi \u00e4r en del av den cirkul\u00e4ra ekonomin, vi ser till att alla v\u00e5ra produktionsrester kan \u00e5tervinnas eller \u00e5teranv\u00e4ndas p\u00e5 ett milj\u00f6v\u00e4nligt s\u00e4tt.<\/p>\n<\/div><div class=\"fusion-image-element \" style=\"--awb-margin-bottom:20px;--awb-caption-title-font-family:var(--h2_typography-font-family);--awb-caption-title-font-weight:var(--h2_typography-font-weight);--awb-caption-title-font-style:var(--h2_typography-font-style);--awb-caption-title-size:var(--h2_typography-font-size);--awb-caption-title-transform:var(--h2_typography-text-transform);--awb-caption-title-line-height:var(--h2_typography-line-height);--awb-caption-title-letter-spacing:var(--h2_typography-letter-spacing);\"><span class=\" fusion-imageframe imageframe-none imageframe-1 hover-type-none\"><img decoding=\"async\" width=\"1600\" height=\"778\" title=\"Lynge nature and recreational park, Denmark\" src=\"https:\/\/kruul.ee\/wp-content\/uploads\/2020\/09\/lynge-nature-and-recreational-park-denmark-MK8XF9Z.jpg\" alt class=\"img-responsive wp-image-20628\" srcset=\"https:\/\/kruul.ee\/wp-content\/uploads\/2020\/09\/lynge-nature-and-recreational-park-denmark-MK8XF9Z-200x97.jpg 200w, https:\/\/kruul.ee\/wp-content\/uploads\/2020\/09\/lynge-nature-and-recreational-park-denmark-MK8XF9Z-400x195.jpg 400w, https:\/\/kruul.ee\/wp-content\/uploads\/2020\/09\/lynge-nature-and-recreational-park-denmark-MK8XF9Z-600x292.jpg 600w, https:\/\/kruul.ee\/wp-content\/uploads\/2020\/09\/lynge-nature-and-recreational-park-denmark-MK8XF9Z-800x389.jpg 800w, https:\/\/kruul.ee\/wp-content\/uploads\/2020\/09\/lynge-nature-and-recreational-park-denmark-MK8XF9Z-1200x584.jpg 1200w, https:\/\/kruul.ee\/wp-content\/uploads\/2020\/09\/lynge-nature-and-recreational-park-denmark-MK8XF9Z.jpg 1600w\" sizes=\"(max-width: 1024px) 100vw, (max-width: 640px) 100vw, 1200px\" \/><\/span><\/div><div class=\"fusion-title title fusion-title-3 fusion-sep-none fusion-title-text fusion-title-size-six\" style=\"--awb-text-color:#76b42a;--awb-margin-bottom:0px;--awb-margin-bottom-small:10px;\"><h6 class=\"fusion-title-heading title-heading-left\" style=\"margin:0;\">P\u00e5 Kruul erbjuder vi:<\/h6><\/div><ul style=\"--awb-line-height:27.2px;--awb-icon-width:27.2px;--awb-icon-height:27.2px;--awb-icon-margin:11.2px;--awb-content-margin:38.4px;\" class=\"fusion-checklist fusion-checklist-1 fusion-checklist-default type-icons\"><li class=\"fusion-li-item\" style=\"\"><span class=\"icon-wrapper circle-no\"><i class=\"fusion-li-icon fa-check fas\" aria-hidden=\"true\"><\/i><\/span><div class=\"fusion-li-item-content\">\n<p>energieffektiva tillverkningsprocesser;<\/p>\n<\/div><\/li><li class=\"fusion-li-item\" style=\"\"><span class=\"icon-wrapper circle-no\"><i class=\"fusion-li-icon fa-check fas\" aria-hidden=\"true\"><\/i><\/span><div class=\"fusion-li-item-content\">\n<p>milj\u00f6medveten kundservice;<\/p>\n<\/div><\/li><li class=\"fusion-li-item\" style=\"\"><span class=\"icon-wrapper circle-no\"><i class=\"fusion-li-icon fa-check fas\" aria-hidden=\"true\"><\/i><\/span><div class=\"fusion-li-item-content\">\n<p>b\u00e4st v\u00e4rde f\u00f6r pengarna.<\/p>\n<\/div><\/li><\/ul><div class=\"fusion-separator fusion-full-width-sep\" style=\"align-self: center;margin-left: auto;margin-right: auto;margin-bottom:15px;width:100%;\"><div class=\"fusion-separator-border sep-double\" style=\"--awb-height:20px;--awb-amount:20px;border-color:rgba(255,252,252,0);border-top-width:0px;border-bottom-width:0px;\"><\/div><\/div><div class=\"fusion-text fusion-text-2\"><p>Vi h\u00f6jer st\u00e4ndigt milj\u00f6medvetenheten hos v\u00e5ra medarbetare, vilket skapar en atmosf\u00e4r p\u00e5 f\u00f6retaget som ser till att vi fokuserar p\u00e5 milj\u00f6p\u00e5verkan och att vi kan forts\u00e4tta v\u00e5r verksamhet p\u00e5 ett ekologiskt ansvarsfullt s\u00e4tt. V\u00e5ra fr\u00e4msta produktionsmaterial \u00e4r papper och bl\u00e4ck, vilket \u00e4r sk\u00e4let till att vi betonat deras energieffektiva f\u00f6rbrukning.<\/p>\n<\/div><ul style=\"--awb-line-height:27.2px;--awb-icon-width:27.2px;--awb-icon-height:27.2px;--awb-icon-margin:11.2px;--awb-content-margin:38.4px;\" class=\"fusion-checklist fusion-checklist-2 fusion-checklist-default type-icons\"><li class=\"fusion-li-item\" style=\"\"><span class=\"icon-wrapper circle-no\"><i class=\"fusion-li-icon fa-check fas\" aria-hidden=\"true\"><\/i><\/span><div class=\"fusion-li-item-content\">\n<p>Vi k\u00f6per in v\u00e5rt bl\u00e4ck fr\u00e5n leverant\u00f6rer av biologiskt f\u00f6rnybart bl\u00e4ck som \u00e4r i v\u00e4rldsklass inom bl\u00e4cktillverkning.<\/p>\n<\/div><\/li><li class=\"fusion-li-item\" style=\"\"><span class=\"icon-wrapper circle-no\"><i class=\"fusion-li-icon fa-check fas\" aria-hidden=\"true\"><\/i><\/span><div class=\"fusion-li-item-content\">\n<p>Vi k\u00f6per endast tryckpapper fr\u00e5n leverant\u00f6rer som \u00e4r ISO 14001-certifierade och vars utvalda papper framst\u00e4lls av r\u00e5varor (ECF eller TCF cellulosa) fr\u00e5n h\u00e5llbart f\u00f6rvaltade skogar.<\/p>\n<\/div><\/li><li class=\"fusion-li-item\" style=\"\"><span class=\"icon-wrapper circle-no\"><i class=\"fusion-li-icon fa-check fas\" aria-hidden=\"true\"><\/i><\/span><div class=\"fusion-li-item-content\">\n<p>Vi arbetar st\u00e4ndigt med att f\u00f6rb\u00e4ttra tryckeriets milj\u00f6prestanda och anpassa v\u00e5r verksamhet i enlighet med samh\u00e4llets g\u00e4llande lagar och f\u00f6rordningar.<\/p>\n<\/div><\/li><li class=\"fusion-li-item\" style=\"\"><span class=\"icon-wrapper circle-no\"><i class=\"fusion-li-icon fa-check fas\" aria-hidden=\"true\"><\/i><\/span><div class=\"fusion-li-item-content\">\n<p>Vi anser att vi har ett gemensamt ansvar f\u00f6r att h\u00e5lla v\u00e4rlden ren och se till att vi har en h\u00e5llbar livsmilj\u00f6. Vi arbetar med att ha h\u00e5lla v\u00e5r milj\u00f6p\u00e5verkan s\u00e5 liten som m\u00f6jligt.<\/p>\n<\/div><\/li><\/ul><\/div><\/div><\/div><\/div>\n","protected":false},"excerpt":{"rendered":"","protected":false},"author":5,"featured_media":0,"parent":21222,"menu_order":0,"comment_status":"closed","ping_status":"closed","template":"","meta":{"footnotes":""},"_links":{"self":[{"href":"https:\/\/kruul.ee\/sv\/wp-json\/wp\/v2\/pages\/21280"}],"collection":[{"href":"https:\/\/kruul.ee\/sv\/wp-json\/wp\/v2\/pages"}],"about":[{"href":"https:\/\/kruul.ee\/sv\/wp-json\/wp\/v2\/types\/page"}],"author":[{"embeddable":true,"href":"https:\/\/kruul.ee\/sv\/wp-json\/wp\/v2\/users\/5"}],"replies":[{"embeddable":true,"href":"https:\/\/kruul.ee\/sv\/wp-json\/wp\/v2\/comments?post=21280"}],"version-history":[{"count":3,"href":"https:\/\/kruul.ee\/sv\/wp-json\/wp\/v2\/pages\/21280\/revisions"}],"predecessor-version":[{"id":21283,"href":"https:\/\/kruul.ee\/sv\/wp-json\/wp\/v2\/pages\/21280\/revisions\/21283"}],"up":[{"embeddable":true,"href":"https:\/\/kruul.ee\/sv\/wp-json\/wp\/v2\/pages\/21222"}],"wp:attachment":[{"href":"https:\/\/kruul.ee\/sv\/wp-json\/wp\/v2\/media?parent=21280"}],"curies":[{"name":"wp","href":"https:\/\/api.w.org\/{rel}","templated":true}]}}