{"id":21643,"date":"2021-01-15T11:35:37","date_gmt":"2021-01-15T09:35:37","guid":{"rendered":"https:\/\/kruul.ee\/?page_id=21643"},"modified":"2021-01-15T11:41:41","modified_gmt":"2021-01-15T09:41:41","slug":"paperin-valinta","status":"publish","type":"page","link":"https:\/\/kruul.ee\/fi\/ohjeet\/paperin-valinta\/","title":{"rendered":"Paperin valinta"},"content":{"rendered":"<div class=\"fusion-fullwidth fullwidth-box fusion-builder-row-1 fusion-flex-container gradient-container-1 nonhundred-percent-fullwidth non-hundred-percent-height-scrolling\" style=\"--awb-border-radius-top-left:0px;--awb-border-radius-top-right:0px;--awb-border-radius-bottom-right:0px;--awb-border-radius-bottom-left:0px;--awb-flex-wrap:wrap;\" ><div class=\"fusion-builder-row fusion-row fusion-flex-align-items-flex-start fusion-flex-content-wrap\" style=\"max-width:1144px;margin-left: calc(-4% \/ 2 );margin-right: calc(-4% \/ 2 );\"><div class=\"fusion-layout-column fusion_builder_column fusion-builder-column-0 fusion_builder_column_1_1 1_1 fusion-flex-column\" style=\"--awb-bg-size:cover;--awb-width-large:100%;--awb-margin-top-large:0px;--awb-spacing-right-large:1.92%;--awb-margin-bottom-large:20px;--awb-spacing-left-large:1.92%;--awb-width-medium:100%;--awb-order-medium:0;--awb-spacing-right-medium:1.92%;--awb-spacing-left-medium:1.92%;--awb-width-small:100%;--awb-order-small:0;--awb-spacing-right-small:1.92%;--awb-spacing-left-small:1.92%;\"><div class=\"fusion-column-wrapper fusion-column-has-shadow fusion-flex-justify-content-flex-start fusion-content-layout-column\"><div class=\"fusion-title title fusion-title-1 fusion-sep-none fusion-title-text fusion-title-size-one\" style=\"--awb-margin-bottom-small:10px;\"><h1 class=\"fusion-title-heading title-heading-left\" style=\"margin:0;\">Paperin valinta<\/h1><\/div><div class=\"fusion-title title fusion-title-2 fusion-sep-none fusion-title-text fusion-title-size-six\" style=\"--awb-text-color:#76b42a;--awb-margin-bottom:0px;--awb-margin-bottom-small:10px;\"><h6 class=\"fusion-title-heading title-heading-left\" style=\"margin:0;\">Oikein valittu paperi takaa parhaan painolaadun.<\/h6><\/div><div class=\"fusion-text fusion-text-1\"><p>Myyntiosastomme on aina valmiina auttamaan materiaalien valinnassa ja neuvomaan kokemukseensa sek\u00e4 tiet\u00e4mykseens\u00e4 nojaten. Paperin valinnassa tulee huomioida erityisesti kaksi seikkaa: grammapaino sek\u00e4 paperin laji. <\/p>\n<\/div><\/div><\/div><div class=\"fusion-layout-column fusion_builder_column fusion-builder-column-1 fusion_builder_column_1_1 1_1 fusion-flex-column\" style=\"--awb-bg-size:cover;--awb-width-large:100%;--awb-margin-top-large:0px;--awb-spacing-right-large:1.92%;--awb-margin-bottom-large:20px;--awb-spacing-left-large:1.92%;--awb-width-medium:100%;--awb-order-medium:0;--awb-spacing-right-medium:1.92%;--awb-spacing-left-medium:1.92%;--awb-width-small:100%;--awb-order-small:0;--awb-spacing-right-small:1.92%;--awb-spacing-left-small:1.92%;\"><div class=\"fusion-column-wrapper fusion-column-has-shadow fusion-flex-justify-content-flex-start fusion-content-layout-column\"><div class=\"fusion-title title fusion-title-3 fusion-sep-none fusion-title-text fusion-title-size-six\" style=\"--awb-text-color:#76b42a;--awb-margin-bottom-small:10px;\"><h6 class=\"fusion-title-heading title-heading-left\" style=\"margin:0;\">Grammapaino<\/h6><\/div><div class=\"fusion-text fusion-text-2\"><p><b>Grammapaino<\/b> kertoo kuinka monta grammaa yksi neli\u00f6metri paperia painaa. Esimerkiksi 80 gramman paperi tarkoittaa, ett\u00e4 yhden paperiarkin paino neli\u00f6metri\u00e4 kohden on 80 grammaa.<\/p>\n<p><b>Mik\u00e4 paperi valita?<\/b><\/p>\n<\/div>\n<div class=\"table-1\">\n<table width=\"100%\">\n<tbody>\n<tr>\n<td align=\"left\">80\u2013100 g\/m<sup>2<\/sup><\/td>\n<td align=\"left\">kirjoituspaperi (p\u00e4\u00e4llyst\u00e4m\u00e4t\u00f6n)<\/td>\n<\/tr>\n<tr>\n<td align=\"left\">115\u2013250 g\/ m<sup>2<\/sup><\/td>\n<td align=\"left\">lentolehtinen (p\u00e4\u00e4llystetty)<\/td>\n<\/tr>\n<tr>\n<td align=\"left\">130\u2013170 g\/ m<sup>2<\/sup><\/td>\n<td align=\"left\">esite, mainoslehtinen (p\u00e4\u00e4llystetty tai p\u00e4\u00e4llyst\u00e4m\u00e4t\u00f6n)<\/td>\n<\/tr>\n<tr>\n<td align=\"left\">200\u2013300 g\/ m<sup>2<\/sup><\/td>\n<td align=\"left\">kotelot, CD- tai DVD-kotelot, pakkaukset (kartonki, p\u00e4\u00e4llystetty tai p\u00e4\u00e4llyst\u00e4m\u00e4t\u00f6n paperi)<\/td>\n<\/tr>\n<tr>\n<td align=\"left\">250\u2013350 g\/ m<sup>2<\/sup><\/td>\n<td align=\"left\">k\u00e4yntikortit (p\u00e4\u00e4llyst\u00e4m\u00e4t\u00f6n, p\u00e4\u00e4llystetty tai tekstuuripaperi)<\/td>\n<\/tr>\n<tr>\n<td align=\"left\">250\u2013300 g\/ m<sup>2<\/sup><\/td>\n<td align=\"left\">asiakirjojen kannet (kartonki tai tekstuuripaperi)<\/td>\n<\/tr>\n<\/tbody>\n<\/table>\n<\/div>\n<\/div><\/div><div class=\"fusion-layout-column fusion_builder_column fusion-builder-column-2 fusion_builder_column_1_1 1_1 fusion-flex-column\" style=\"--awb-bg-size:cover;--awb-width-large:100%;--awb-margin-top-large:0px;--awb-spacing-right-large:1.92%;--awb-margin-bottom-large:20px;--awb-spacing-left-large:1.92%;--awb-width-medium:100%;--awb-order-medium:0;--awb-spacing-right-medium:1.92%;--awb-spacing-left-medium:1.92%;--awb-width-small:100%;--awb-order-small:0;--awb-spacing-right-small:1.92%;--awb-spacing-left-small:1.92%;\"><div class=\"fusion-column-wrapper fusion-column-has-shadow fusion-flex-justify-content-flex-start fusion-content-layout-column\"><div class=\"fusion-title title fusion-title-4 fusion-sep-none fusion-title-text fusion-title-size-six\" style=\"--awb-text-color:#76b42a;--awb-margin-bottom-small:10px;\"><h6 class=\"fusion-title-heading title-heading-left\" style=\"margin:0;\">Paperilajit<\/h6><\/div><div class=\"fusion-text fusion-text-3\"><p><b>Paperit voidaan jakaa kolmeen lajiin:<\/b><\/p>\n<\/div><ul style=\"--awb-line-height:27.2px;--awb-icon-width:27.2px;--awb-icon-height:27.2px;--awb-icon-margin:11.2px;--awb-content-margin:38.4px;\" class=\"fusion-checklist fusion-checklist-1 fusion-checklist-default type-icons\"><li class=\"fusion-li-item\" style=\"\"><span class=\"icon-wrapper circle-no\"><i class=\"fusion-li-icon fa-check fas\" aria-hidden=\"true\"><\/i><\/span><div class=\"fusion-li-item-content\">\n<p>p\u00e4\u00e4llyst\u00e4m\u00e4t\u00f6n paperi,<\/p>\n<\/div><\/li><li class=\"fusion-li-item\" style=\"\"><span class=\"icon-wrapper circle-no\"><i class=\"fusion-li-icon fa-check fas\" aria-hidden=\"true\"><\/i><\/span><div class=\"fusion-li-item-content\">\n<p>p\u00e4\u00e4llystetty paperi,<\/p>\n<\/div><\/li><li class=\"fusion-li-item\" style=\"\"><span class=\"icon-wrapper circle-no\"><i class=\"fusion-li-icon fa-check fas\" aria-hidden=\"true\"><\/i><\/span><div class=\"fusion-li-item-content\">\n<p>kartonki.<\/p>\n<\/div><\/li><\/ul><div class=\"fusion-separator fusion-full-width-sep\" style=\"align-self: center;margin-left: auto;margin-right: auto;margin-bottom:15px;width:100%;\"><div class=\"fusion-separator-border sep-double\" style=\"--awb-height:20px;--awb-amount:20px;border-color:rgba(255,252,252,0);border-top-width:0px;border-bottom-width:0px;\"><\/div><\/div><div class=\"fusion-text fusion-text-4\"><p><strong>1. <\/strong><b>P\u00e4\u00e4llyst\u00e4m\u00e4t\u00f6n paperi<\/b><br \/>\nP\u00e4\u00e4llyst\u00e4m\u00e4tt\u00f6m\u00e4n paperin pinta on mattainen. T\u00e4h\u00e4n paperityyppiin kuuluvat esimerkiksi valkoinen offsetpaperi, jota k\u00e4ytet\u00e4\u00e4n yleens\u00e4 kirjelomakkeiden ja kirjojen painamiseen. T\u00e4h\u00e4n tyyppiin kuuluvat my\u00f6s erityyppiset s\u00e4vy- ja tekstuuripaperit (j\u00e4lkimm\u00e4isi\u00e4 k\u00e4ytet\u00e4\u00e4n enimm\u00e4kseen edustus- ja erityisjulkaisuihin, kuten asiakirjojen kansiin, kutsuihin sek\u00e4 k\u00e4yntikortteihin).<\/p>\n<p><b>2. P\u00e4\u00e4llystetty paperi <\/b><br \/>\nMatta tai kiilt\u00e4v\u00e4 sile\u00e4pintainen paperi. Suosittelemme p\u00e4\u00e4llystetyn paperin k\u00e4ytt\u00f6\u00e4 v\u00e4rillisiin painotuotteisiin kuten mainoslehtisiin ja esitteisiin. Se sopii korkealaatuisten kuvien sek\u00e4 mainosmateriaalien painamiseen.<\/p>\n<p><strong>3. <\/strong><b>Kartonki<\/b><br \/>\nKartonki on monikerroksista materiaalia ja siksi kest\u00e4v\u00e4mp\u00e4\u00e4 ja vahvempaa kuin paperi. Tuotteen k\u00e4ytt\u00f6tarkoituksesta riippuen voit valita erilaisia ominaisuuksia sis\u00e4lt\u00e4vi\u00e4 kartonkeja. Kartonkia k\u00e4ytet\u00e4\u00e4n pakkauksissa, asiakirjojen ja lehti\u00f6iden kansissa, koteloissa ja monissa muissa tuotteissa. <\/p>\n<\/div><\/div><\/div><\/div><\/div>\n","protected":false},"excerpt":{"rendered":"","protected":false},"author":5,"featured_media":0,"parent":21644,"menu_order":0,"comment_status":"closed","ping_status":"closed","template":"","meta":{"footnotes":""},"_links":{"self":[{"href":"https:\/\/kruul.ee\/fi\/wp-json\/wp\/v2\/pages\/21643"}],"collection":[{"href":"https:\/\/kruul.ee\/fi\/wp-json\/wp\/v2\/pages"}],"about":[{"href":"https:\/\/kruul.ee\/fi\/wp-json\/wp\/v2\/types\/page"}],"author":[{"embeddable":true,"href":"https:\/\/kruul.ee\/fi\/wp-json\/wp\/v2\/users\/5"}],"replies":[{"embeddable":true,"href":"https:\/\/kruul.ee\/fi\/wp-json\/wp\/v2\/comments?post=21643"}],"version-history":[{"count":5,"href":"https:\/\/kruul.ee\/fi\/wp-json\/wp\/v2\/pages\/21643\/revisions"}],"predecessor-version":[{"id":21653,"href":"https:\/\/kruul.ee\/fi\/wp-json\/wp\/v2\/pages\/21643\/revisions\/21653"}],"up":[{"embeddable":true,"href":"https:\/\/kruul.ee\/fi\/wp-json\/wp\/v2\/pages\/21644"}],"wp:attachment":[{"href":"https:\/\/kruul.ee\/fi\/wp-json\/wp\/v2\/media?parent=21643"}],"curies":[{"name":"wp","href":"https:\/\/api.w.org\/{rel}","templated":true}]}}