{"id":21635,"date":"2021-01-15T11:31:43","date_gmt":"2021-01-15T09:31:43","guid":{"rendered":"https:\/\/kruul.ee\/?page_id=21635"},"modified":"2021-01-15T11:34:14","modified_gmt":"2021-01-15T09:34:14","slug":"ratkaisut","status":"publish","type":"page","link":"https:\/\/kruul.ee\/fi\/meista\/ratkaisut\/","title":{"rendered":"Ratkaisut"},"content":{"rendered":"<div class=\"fusion-fullwidth fullwidth-box fusion-builder-row-1 fusion-flex-container gradient-container-1 nonhundred-percent-fullwidth non-hundred-percent-height-scrolling\" style=\"--awb-border-radius-top-left:0px;--awb-border-radius-top-right:0px;--awb-border-radius-bottom-right:0px;--awb-border-radius-bottom-left:0px;--awb-flex-wrap:wrap;\" ><div class=\"fusion-builder-row fusion-row fusion-flex-align-items-flex-start fusion-flex-content-wrap\" style=\"max-width:1144px;margin-left: calc(-4% \/ 2 );margin-right: calc(-4% \/ 2 );\"><div class=\"fusion-layout-column fusion_builder_column fusion-builder-column-0 fusion_builder_column_1_1 1_1 fusion-flex-column\" style=\"--awb-bg-size:cover;--awb-width-large:100%;--awb-margin-top-large:0px;--awb-spacing-right-large:1.92%;--awb-margin-bottom-large:20px;--awb-spacing-left-large:1.92%;--awb-width-medium:100%;--awb-order-medium:0;--awb-spacing-right-medium:1.92%;--awb-spacing-left-medium:1.92%;--awb-width-small:100%;--awb-order-small:0;--awb-spacing-right-small:1.92%;--awb-spacing-left-small:1.92%;\"><div class=\"fusion-column-wrapper fusion-column-has-shadow fusion-flex-justify-content-flex-start fusion-content-layout-column\"><div class=\"fusion-title title fusion-title-1 fusion-sep-none fusion-title-text fusion-title-size-one\" style=\"--awb-margin-bottom-small:10px;\"><h1 class=\"fusion-title-heading title-heading-left\" style=\"margin:0;\">Ratkaisut<\/h1><\/div><div class=\"fusion-title title fusion-title-2 fusion-sep-none fusion-title-text fusion-title-size-six\" style=\"--awb-text-color:#76b42a;--awb-margin-bottom:0px;--awb-margin-bottom-small:10px;\"><h6 class=\"fusion-title-heading title-heading-left\" style=\"margin:0;\">Pitk\u00e4aikaisen kokemuksemme ansiosta osaamme huomioida asiakkaamme toiveet ja tarpeet.<\/h6><\/div><div class=\"fusion-text fusion-text-1\"><p>L\u00f6yd\u00e4mme aina tuotemerkkisi kannalta parhaan ratkaisun, joka korostaa br\u00e4ndisi ominaispiirteit\u00e4 dynaamisesti. Erilaisia painatus- ja j\u00e4lkik\u00e4sittelyvaihtoehtoja yhdistelem\u00e4ll\u00e4 lopputuotteiden m\u00e4\u00e4r\u00e4 on rajaton.<\/p>\n<\/div><div class=\"fusion-title title fusion-title-3 fusion-sep-none fusion-title-text fusion-title-size-six\" style=\"--awb-text-color:#76b42a;--awb-margin-bottom:0px;--awb-margin-bottom-small:10px;\"><h6 class=\"fusion-title-heading title-heading-left\" style=\"margin:0;\">Henkil\u00f6kohtainen palvelu<\/h6><\/div><div class=\"fusion-text fusion-text-2\"><p>Asiantuntevat myyntispesialistimme ovat tukenasi jokaisessa vaiheessa. Ota yhteytt\u00e4 myyntiosastoomme jo t\u00e4n\u00e4\u00e4n, l\u00f6yd\u00e4mme yhdess\u00e4 vastauksen kaikkiin painoa koskeviin kysymyksiisi.<\/p>\n<\/div><div class=\"fusion-title title fusion-title-4 fusion-sep-none fusion-title-text fusion-title-size-six\" style=\"--awb-text-color:#76b42a;--awb-margin-bottom:0px;--awb-margin-bottom-small:10px;\"><h6 class=\"fusion-title-heading title-heading-left\" style=\"margin:0;\">Laaja painotuotevalikoima<\/h6><\/div><div class=\"fusion-text fusion-text-3\"><p>Pitk\u00e4aikaisen kokemuksen ja parhaiden teknisten ratkaisujen lis\u00e4ksi painotalo Kruul tarjoaa yhden Viron kattavimmista tuotevalikoimista. Ty\u00f6skentelemme tuotteesi parissa alusta loppuun \u2013 suunnittelusta ja ulkoasusta pakkaukseen ja aina toimitukseen asti.Suosituimpia tuotteitamme ovat:<\/p>\n<\/div><div class=\"fusion-title title fusion-title-5 fusion-sep-none fusion-title-text fusion-title-size-six\" style=\"--awb-text-color:#76b42a;--awb-margin-bottom:0px;--awb-margin-bottom-small:10px;\"><h6 class=\"fusion-title-heading title-heading-left\" style=\"margin:0;\">Suosituimpia tuotteitamme ovat:<\/h6><\/div><ul style=\"--awb-line-height:27.2px;--awb-icon-width:27.2px;--awb-icon-height:27.2px;--awb-icon-margin:11.2px;--awb-content-margin:38.4px;\" class=\"fusion-checklist fusion-checklist-1 fusion-checklist-default type-icons\"><li class=\"fusion-li-item\" style=\"\"><span class=\"icon-wrapper circle-no\"><i class=\"fusion-li-icon fa-check fas\" aria-hidden=\"true\"><\/i><\/span><div class=\"fusion-li-item-content\">\n<p>pakkaukset, kotelot, laatikot, pahviholkit, paperietiketit, tarrat<\/p>\n<\/div><\/li><li class=\"fusion-li-item\" style=\"\"><span class=\"icon-wrapper circle-no\"><i class=\"fusion-li-icon fa-check fas\" aria-hidden=\"true\"><\/i><\/span><div class=\"fusion-li-item-content\">\n<p>mainosjulkaisut, lentolehtiset, julisteet<\/p>\n<\/div><\/li><li class=\"fusion-li-item\" style=\"\"><span class=\"icon-wrapper circle-no\"><i class=\"fusion-li-icon fa-check fas\" aria-hidden=\"true\"><\/i><\/span><div class=\"fusion-li-item-content\">\n<p>esitteet, kirjaset, vihkot, tuoteselosteet<\/p>\n<\/div><\/li><li class=\"fusion-li-item\" style=\"\"><span class=\"icon-wrapper circle-no\"><i class=\"fusion-li-icon fa-check fas\" aria-hidden=\"true\"><\/i><\/span><div class=\"fusion-li-item-content\">\n<p>pehme\u00e4kantiset kirjat, kuvastot, vuosikirjat<\/p>\n<\/div><\/li><li class=\"fusion-li-item\" style=\"\"><span class=\"icon-wrapper circle-no\"><i class=\"fusion-li-icon fa-check fas\" aria-hidden=\"true\"><\/i><\/span><div class=\"fusion-li-item-content\">\n<p>pahvikotelot, digitaaliset pakkaukset, CD\/DVD-kotelot<\/p>\n<\/div><\/li><li class=\"fusion-li-item\" style=\"\"><span class=\"icon-wrapper circle-no\"><i class=\"fusion-li-icon fa-check fas\" aria-hidden=\"true\"><\/i><\/span><div class=\"fusion-li-item-content\">\n<p>yrityslomakkeet<\/p>\n<\/div><\/li><li class=\"fusion-li-item\" style=\"\"><span class=\"icon-wrapper circle-no\"><i class=\"fusion-li-icon fa-check fas\" aria-hidden=\"true\"><\/i><\/span><div class=\"fusion-li-item-content\">\n<p>k\u00e4yntikortit, kirjekuoret<\/p>\n<\/div><\/li><\/ul><div class=\"fusion-image-element \" style=\"--awb-margin-top:15px;--awb-margin-bottom:15px;--awb-caption-title-font-family:var(--h2_typography-font-family);--awb-caption-title-font-weight:var(--h2_typography-font-weight);--awb-caption-title-font-style:var(--h2_typography-font-style);--awb-caption-title-size:var(--h2_typography-font-size);--awb-caption-title-transform:var(--h2_typography-text-transform);--awb-caption-title-line-height:var(--h2_typography-line-height);--awb-caption-title-letter-spacing:var(--h2_typography-letter-spacing);\"><span class=\" fusion-imageframe imageframe-none imageframe-1 hover-type-zoomin\"><a href=\"https:\/\/kruul.ee\/wp-content\/uploads\/2020\/12\/020201126_4621.jpg\" class=\"fusion-lightbox\" data-rel=\"iLightbox[43e54304b15faf6d1db]\" data-title=\"020201126_4621\" title=\"020201126_4621\"><img decoding=\"async\" width=\"1200\" height=\"800\" src=\"https:\/\/kruul.ee\/wp-content\/uploads\/2020\/12\/020201126_4621.jpg\" alt class=\"img-responsive wp-image-21639\" srcset=\"https:\/\/kruul.ee\/wp-content\/uploads\/2020\/12\/020201126_4621-200x133.jpg 200w, https:\/\/kruul.ee\/wp-content\/uploads\/2020\/12\/020201126_4621-400x267.jpg 400w, https:\/\/kruul.ee\/wp-content\/uploads\/2020\/12\/020201126_4621-600x400.jpg 600w, https:\/\/kruul.ee\/wp-content\/uploads\/2020\/12\/020201126_4621-800x533.jpg 800w, https:\/\/kruul.ee\/wp-content\/uploads\/2020\/12\/020201126_4621.jpg 1200w\" sizes=\"(max-width: 1024px) 100vw, (max-width: 640px) 100vw, 1200px\" \/><\/a><\/span><\/div><\/div><\/div><\/div><\/div>\n","protected":false},"excerpt":{"rendered":"","protected":false},"author":5,"featured_media":0,"parent":21567,"menu_order":0,"comment_status":"closed","ping_status":"closed","template":"","meta":{"footnotes":""},"_links":{"self":[{"href":"https:\/\/kruul.ee\/fi\/wp-json\/wp\/v2\/pages\/21635"}],"collection":[{"href":"https:\/\/kruul.ee\/fi\/wp-json\/wp\/v2\/pages"}],"about":[{"href":"https:\/\/kruul.ee\/fi\/wp-json\/wp\/v2\/types\/page"}],"author":[{"embeddable":true,"href":"https:\/\/kruul.ee\/fi\/wp-json\/wp\/v2\/users\/5"}],"replies":[{"embeddable":true,"href":"https:\/\/kruul.ee\/fi\/wp-json\/wp\/v2\/comments?post=21635"}],"version-history":[{"count":6,"href":"https:\/\/kruul.ee\/fi\/wp-json\/wp\/v2\/pages\/21635\/revisions"}],"predecessor-version":[{"id":21642,"href":"https:\/\/kruul.ee\/fi\/wp-json\/wp\/v2\/pages\/21635\/revisions\/21642"}],"up":[{"embeddable":true,"href":"https:\/\/kruul.ee\/fi\/wp-json\/wp\/v2\/pages\/21567"}],"wp:attachment":[{"href":"https:\/\/kruul.ee\/fi\/wp-json\/wp\/v2\/media?parent=21635"}],"curies":[{"name":"wp","href":"https:\/\/api.w.org\/{rel}","templated":true}]}}