{"id":21628,"date":"2021-01-15T11:28:20","date_gmt":"2021-01-15T09:28:20","guid":{"rendered":"https:\/\/kruul.ee\/?page_id=21628"},"modified":"2021-01-15T11:31:08","modified_gmt":"2021-01-15T09:31:08","slug":"ymparistosta","status":"publish","type":"page","link":"https:\/\/kruul.ee\/fi\/meista\/ymparistosta\/","title":{"rendered":"Ymp\u00e4rist\u00f6st\u00e4"},"content":{"rendered":"<div class=\"fusion-fullwidth fullwidth-box fusion-builder-row-1 fusion-flex-container gradient-container-1 nonhundred-percent-fullwidth non-hundred-percent-height-scrolling\" style=\"--awb-border-radius-top-left:0px;--awb-border-radius-top-right:0px;--awb-border-radius-bottom-right:0px;--awb-border-radius-bottom-left:0px;--awb-flex-wrap:wrap;\" ><div class=\"fusion-builder-row fusion-row fusion-flex-align-items-flex-start fusion-flex-content-wrap\" style=\"max-width:1144px;margin-left: calc(-4% \/ 2 );margin-right: calc(-4% \/ 2 );\"><div class=\"fusion-layout-column fusion_builder_column fusion-builder-column-0 fusion_builder_column_1_1 1_1 fusion-flex-column\" style=\"--awb-bg-size:cover;--awb-width-large:100%;--awb-margin-top-large:0px;--awb-spacing-right-large:1.92%;--awb-margin-bottom-large:20px;--awb-spacing-left-large:1.92%;--awb-width-medium:100%;--awb-order-medium:0;--awb-spacing-right-medium:1.92%;--awb-spacing-left-medium:1.92%;--awb-width-small:100%;--awb-order-small:0;--awb-spacing-right-small:1.92%;--awb-spacing-left-small:1.92%;\"><div class=\"fusion-column-wrapper fusion-column-has-shadow fusion-flex-justify-content-flex-start fusion-content-layout-column\"><div class=\"fusion-title title fusion-title-1 fusion-sep-none fusion-title-text fusion-title-size-one\" style=\"--awb-margin-bottom-small:10px;\"><h1 class=\"fusion-title-heading title-heading-left\" style=\"margin:0;\">Ymp\u00e4rist\u00f6st\u00e4<\/h1><\/div><div class=\"fusion-title title fusion-title-2 fusion-sep-none fusion-title-text fusion-title-size-six\" style=\"--awb-text-color:#76b42a;--awb-margin-bottom:0px;--awb-margin-bottom-small:10px;\"><h6 class=\"fusion-title-heading title-heading-left\" style=\"margin:0;\">Kruuli Tr\u00fckikoja O\u00dc: toiminta perustuu ymp\u00e4rist\u00f6arvoille.<\/h6><\/div><div class=\"fusion-text fusion-text-1\"><p>Meille on my\u00f6nnetty tarvittavat ymp\u00e4rist\u00f6luvat, ja olemme aina noudattaneet kansainv\u00e4lisi\u00e4 ymp\u00e4rist\u00f6asioiden hallintastandardeja. Arkkiasemoinnissa pyrimme siihen, ett\u00e4 hukkamateriaalin m\u00e4\u00e4r\u00e4 j\u00e4\u00e4 mahdollisimman v\u00e4h\u00e4iseksi. Mittaamme jatkuvasti yksikk\u00f6\u00e4 kohti k\u00e4ytetyn materiaalin m\u00e4\u00e4r\u00e4\u00e4. Analysoimme toimintaamme nelj\u00e4nnesvuosittain. T\u00e4m\u00e4n vuoksi painotalomme strategia on aina raikas ja eteenp\u00e4in suuntautuva. Meille t\u00e4rkeint\u00e4 on energiaa s\u00e4\u00e4st\u00e4v\u00e4 tuotantoprosessi, jonka seurauksena uudistamme ja muokkaamme tuotantotapojamme yh\u00e4 tehokkaammiksi. Osallistumme kiertotalouteen varmistamalla, ett\u00e4 kaikki tuotantoj\u00e4te joko kierr\u00e4tet\u00e4\u00e4n tai k\u00e4ytet\u00e4\u00e4n uudelleen ymp\u00e4rist\u00f6yst\u00e4v\u00e4llisell\u00e4 tavalla. <\/p>\n<\/div><div class=\"fusion-image-element \" style=\"--awb-margin-bottom:20px;--awb-caption-title-font-family:var(--h2_typography-font-family);--awb-caption-title-font-weight:var(--h2_typography-font-weight);--awb-caption-title-font-style:var(--h2_typography-font-style);--awb-caption-title-size:var(--h2_typography-font-size);--awb-caption-title-transform:var(--h2_typography-text-transform);--awb-caption-title-line-height:var(--h2_typography-line-height);--awb-caption-title-letter-spacing:var(--h2_typography-letter-spacing);\"><span class=\" fusion-imageframe imageframe-none imageframe-1 hover-type-none\"><img decoding=\"async\" width=\"1600\" height=\"778\" title=\"Lynge nature and recreational park, Denmark\" src=\"https:\/\/kruul.ee\/wp-content\/uploads\/2020\/09\/lynge-nature-and-recreational-park-denmark-MK8XF9Z.jpg\" alt class=\"img-responsive wp-image-20628\" srcset=\"https:\/\/kruul.ee\/wp-content\/uploads\/2020\/09\/lynge-nature-and-recreational-park-denmark-MK8XF9Z-200x97.jpg 200w, https:\/\/kruul.ee\/wp-content\/uploads\/2020\/09\/lynge-nature-and-recreational-park-denmark-MK8XF9Z-400x195.jpg 400w, https:\/\/kruul.ee\/wp-content\/uploads\/2020\/09\/lynge-nature-and-recreational-park-denmark-MK8XF9Z-600x292.jpg 600w, https:\/\/kruul.ee\/wp-content\/uploads\/2020\/09\/lynge-nature-and-recreational-park-denmark-MK8XF9Z-800x389.jpg 800w, https:\/\/kruul.ee\/wp-content\/uploads\/2020\/09\/lynge-nature-and-recreational-park-denmark-MK8XF9Z-1200x584.jpg 1200w, https:\/\/kruul.ee\/wp-content\/uploads\/2020\/09\/lynge-nature-and-recreational-park-denmark-MK8XF9Z.jpg 1600w\" sizes=\"(max-width: 1024px) 100vw, (max-width: 640px) 100vw, 1200px\" \/><\/span><\/div><div class=\"fusion-title title fusion-title-3 fusion-sep-none fusion-title-text fusion-title-size-six\" style=\"--awb-text-color:#76b42a;--awb-margin-bottom:0px;--awb-margin-bottom-small:10px;\"><h6 class=\"fusion-title-heading title-heading-left\" style=\"margin:0;\">Painotalomme tarjoaa:<\/h6><\/div><ul style=\"--awb-line-height:27.2px;--awb-icon-width:27.2px;--awb-icon-height:27.2px;--awb-icon-margin:11.2px;--awb-content-margin:38.4px;\" class=\"fusion-checklist fusion-checklist-1 fusion-checklist-default type-icons\"><li class=\"fusion-li-item\" style=\"\"><span class=\"icon-wrapper circle-no\"><i class=\"fusion-li-icon fa-check fas\" aria-hidden=\"true\"><\/i><\/span><div class=\"fusion-li-item-content\">\n<p>energiatehokkaan tuotantoprosessin;<\/p>\n<\/div><\/li><li class=\"fusion-li-item\" style=\"\"><span class=\"icon-wrapper circle-no\"><i class=\"fusion-li-icon fa-check fas\" aria-hidden=\"true\"><\/i><\/span><div class=\"fusion-li-item-content\">\n<p>ymp\u00e4rist\u00f6tietoista asiakaspalvelua;<\/p>\n<\/div><\/li><li class=\"fusion-li-item\" style=\"\"><span class=\"icon-wrapper circle-no\"><i class=\"fusion-li-icon fa-check fas\" aria-hidden=\"true\"><\/i><\/span><div class=\"fusion-li-item-content\">\n<p>parasta vastinetta rahoillesi.<\/p>\n<\/div><\/li><\/ul><div class=\"fusion-separator fusion-full-width-sep\" style=\"align-self: center;margin-left: auto;margin-right: auto;margin-bottom:15px;width:100%;\"><div class=\"fusion-separator-border sep-double\" style=\"--awb-height:20px;--awb-amount:20px;border-color:rgba(255,252,252,0);border-top-width:0px;border-bottom-width:0px;\"><\/div><\/div><div class=\"fusion-text fusion-text-2\"><p>Pyrimme jatkuvasti lis\u00e4\u00e4m\u00e4\u00e4n ty\u00f6ntekij\u00f6idemme ymp\u00e4rist\u00f6tietoisuutta. Siksi oman ty\u00f6n vaikutukset ymp\u00e4rist\u00f6\u00f6n tunnistetaan, ja yrityksen ilmapiiri\u00e4 luonnehtii halu toimia ekologisesti vastuullisella tavalla. P\u00e4\u00e4materiaalimme ovat paperi ja musteet, ja siksi painotamme niiden enegiatehokasta k\u00e4ytt\u00f6\u00e4. <\/p>\n<\/div><ul style=\"--awb-line-height:27.2px;--awb-icon-width:27.2px;--awb-icon-height:27.2px;--awb-icon-margin:11.2px;--awb-content-margin:38.4px;\" class=\"fusion-checklist fusion-checklist-2 fusion-checklist-default type-icons\"><li class=\"fusion-li-item\" style=\"\"><span class=\"icon-wrapper circle-no\"><i class=\"fusion-li-icon fa-check fas\" aria-hidden=\"true\"><\/i><\/span><div class=\"fusion-li-item-content\">\n<p>Ostamme biologisesti uusiutuvia musteita toimittajilta, jotka kuuluvat valmistajien parhaimmistoon. <\/p>\n<\/div><\/li><li class=\"fusion-li-item\" style=\"\"><span class=\"icon-wrapper circle-no\"><i class=\"fusion-li-icon fa-check fas\" aria-hidden=\"true\"><\/i><\/span><div class=\"fusion-li-item-content\">\n<p>Ostamme paperia ainoastaan sellaisilta toimittajilta, joilla on ISO 14001-sertifikaatti ja joiden paperin raakamateriaali on saatu kest\u00e4v\u00e4sti hoidetuista metsist\u00e4 (ECF- tai TCF-selluloosa). <\/p>\n<\/div><\/li><li class=\"fusion-li-item\" style=\"\"><span class=\"icon-wrapper circle-no\"><i class=\"fusion-li-icon fa-check fas\" aria-hidden=\"true\"><\/i><\/span><div class=\"fusion-li-item-content\">\n<p>Pyrimme jatkuvasti lis\u00e4\u00e4m\u00e4\u00e4n painotalomme panosta kest\u00e4v\u00e4\u00e4n kehitykseen mukauttaen toimintaamme lakien ja s\u00e4\u00e4d\u00f6sten edellytt\u00e4m\u00e4ll\u00e4 tavalla.<\/p>\n<\/div><\/li><li class=\"fusion-li-item\" style=\"\"><span class=\"icon-wrapper circle-no\"><i class=\"fusion-li-icon fa-check fas\" aria-hidden=\"true\"><\/i><\/span><div class=\"fusion-li-item-content\">\n<p>Uskomme, ett\u00e4 meill\u00e4 kaikilla on kollektiivinen vastuu puhtaan luonnon suojelusta kest\u00e4v\u00e4n elinymp\u00e4rist\u00f6n takaamiseksi. Teemme kaikkemme pit\u00e4\u00e4ksemme ekologisen jalanj\u00e4lkemme mahdollisimman pienen\u00e4.<\/p>\n<\/div><\/li><\/ul><\/div><\/div><\/div><\/div>\n","protected":false},"excerpt":{"rendered":"","protected":false},"author":5,"featured_media":0,"parent":21567,"menu_order":0,"comment_status":"closed","ping_status":"closed","template":"","meta":{"footnotes":""},"_links":{"self":[{"href":"https:\/\/kruul.ee\/fi\/wp-json\/wp\/v2\/pages\/21628"}],"collection":[{"href":"https:\/\/kruul.ee\/fi\/wp-json\/wp\/v2\/pages"}],"about":[{"href":"https:\/\/kruul.ee\/fi\/wp-json\/wp\/v2\/types\/page"}],"author":[{"embeddable":true,"href":"https:\/\/kruul.ee\/fi\/wp-json\/wp\/v2\/users\/5"}],"replies":[{"embeddable":true,"href":"https:\/\/kruul.ee\/fi\/wp-json\/wp\/v2\/comments?post=21628"}],"version-history":[{"count":6,"href":"https:\/\/kruul.ee\/fi\/wp-json\/wp\/v2\/pages\/21628\/revisions"}],"predecessor-version":[{"id":21634,"href":"https:\/\/kruul.ee\/fi\/wp-json\/wp\/v2\/pages\/21628\/revisions\/21634"}],"up":[{"embeddable":true,"href":"https:\/\/kruul.ee\/fi\/wp-json\/wp\/v2\/pages\/21567"}],"wp:attachment":[{"href":"https:\/\/kruul.ee\/fi\/wp-json\/wp\/v2\/media?parent=21628"}],"curies":[{"name":"wp","href":"https:\/\/api.w.org\/{rel}","templated":true}]}}