{"id":21567,"date":"2021-01-15T11:19:56","date_gmt":"2021-01-15T09:19:56","guid":{"rendered":"https:\/\/kruul.ee\/?page_id=21567"},"modified":"2021-01-21T14:34:39","modified_gmt":"2021-01-21T12:34:39","slug":"meista","status":"publish","type":"page","link":"https:\/\/kruul.ee\/fi\/meista\/","title":{"rendered":"Meist\u00e4"},"content":{"rendered":"<p><div class=\"fusion-fullwidth fullwidth-box fusion-builder-row-1 gradient-container-1 nonhundred-percent-fullwidth non-hundred-percent-height-scrolling\" style=\"--awb-border-radius-top-left:0px;--awb-border-radius-top-right:0px;--awb-border-radius-bottom-right:0px;--awb-border-radius-bottom-left:0px;--awb-flex-wrap:wrap;\" ><div class=\"fusion-builder-row fusion-row\"><div class=\"fusion-layout-column fusion_builder_column fusion-builder-column-0 fusion_builder_column_1_1 1_1 fusion-one-full fusion-column-first fusion-column-last\" style=\"--awb-bg-size:cover;--awb-margin-bottom:0px;\"><div class=\"fusion-column-wrapper fusion-flex-column-wrapper-legacy\"><div class=\"fusion-title title fusion-title-1 fusion-sep-none fusion-title-text fusion-title-size-one\" style=\"--awb-margin-bottom-small:10px;\"><h1 class=\"fusion-title-heading title-heading-left\" style=\"margin:0;\">Yrityksest\u00e4<\/h1><\/div><div class=\"fusion-title title fusion-title-2 fusion-sep-none fusion-title-text fusion-title-size-six\" style=\"--awb-text-color:#76b42a;--awb-margin-bottom:5px;--awb-margin-bottom-small:10px;\"><h6 class=\"fusion-title-heading title-heading-left\" style=\"margin:0;\">Keit\u00e4 me olemme ja mit\u00e4 lupaamme?<\/h6><\/div><div class=\"fusion-text fusion-text-1\"><p>Kruul on painotalo, joka on toiminut alalla vuodesta 1992. Rakastamme sit\u00e4 mit\u00e4 teemme! Mik\u00e4\u00e4n ei tee meit\u00e4 iloisemmaksi kuin tyytyv\u00e4inen asiakas. Ty\u00f6skentelemme, jotta voisit saavuttaa tavoitteesi. Lupaamme, ett\u00e4 l\u00f6yd\u00e4mme parhaat ratkaisut mahdollisuuksiesi rajoissa.<\/p>\n<\/div><div class=\"fusion-clearfix\"><\/div><\/div><\/div><div class=\"fusion-layout-column fusion_builder_column fusion-builder-column-1 fusion_builder_column_1_1 1_1 fusion-one-full fusion-column-first fusion-column-last\" style=\"--awb-bg-size:cover;\"><div class=\"fusion-column-wrapper fusion-column-has-shadow fusion-flex-column-wrapper-legacy\"><div class=\"fusion-image-element in-legacy-container\" style=\"--awb-margin-bottom:10px;--awb-caption-title-font-family:var(--h2_typography-font-family);--awb-caption-title-font-weight:var(--h2_typography-font-weight);--awb-caption-title-font-style:var(--h2_typography-font-style);--awb-caption-title-size:var(--h2_typography-font-size);--awb-caption-title-transform:var(--h2_typography-text-transform);--awb-caption-title-line-height:var(--h2_typography-line-height);--awb-caption-title-letter-spacing:var(--h2_typography-letter-spacing);\"><span class=\" fusion-imageframe imageframe-none imageframe-1 hover-type-none\"><img decoding=\"async\" width=\"1600\" height=\"1067\" title=\"20201030_1263\" src=\"https:\/\/kruul.ee\/wp-content\/uploads\/2020\/11\/20201030_1263.jpg\" alt class=\"img-responsive wp-image-20665\" srcset=\"https:\/\/kruul.ee\/wp-content\/uploads\/2020\/11\/20201030_1263-200x133.jpg 200w, https:\/\/kruul.ee\/wp-content\/uploads\/2020\/11\/20201030_1263-400x267.jpg 400w, https:\/\/kruul.ee\/wp-content\/uploads\/2020\/11\/20201030_1263-600x400.jpg 600w, https:\/\/kruul.ee\/wp-content\/uploads\/2020\/11\/20201030_1263-800x534.jpg 800w, https:\/\/kruul.ee\/wp-content\/uploads\/2020\/11\/20201030_1263-1200x800.jpg 1200w, https:\/\/kruul.ee\/wp-content\/uploads\/2020\/11\/20201030_1263.jpg 1600w\" sizes=\"(max-width: 800px) 100vw, 1200px\" \/><\/span><\/div><div class=\"fusion-clearfix\"><\/div><\/div><\/div><div class=\"fusion-layout-column fusion_builder_column fusion-builder-column-2 fusion_builder_column_1_1 1_1 fusion-one-full fusion-column-first fusion-column-last\" style=\"--awb-bg-size:cover;\"><div class=\"fusion-column-wrapper fusion-column-has-shadow fusion-flex-column-wrapper-legacy\"><div class=\"fusion-title title fusion-title-3 fusion-sep-none fusion-title-text fusion-title-size-six\" style=\"--awb-text-color:#76b42a;--awb-margin-bottom:5px;--awb-margin-bottom-small:10px;\"><h6 class=\"fusion-title-heading title-heading-left\" style=\"margin:0;\">Meihin voit luottaa!<\/h6><\/div><ul style=\"--awb-line-height:27.2px;--awb-icon-width:27.2px;--awb-icon-height:27.2px;--awb-icon-margin:11.2px;--awb-content-margin:38.4px;\" class=\"fusion-checklist fusion-checklist-1 fusion-checklist-default type-icons\"><li class=\"fusion-li-item\" style=\"\"><span class=\"icon-wrapper circle-no\"><i class=\"fusion-li-icon fa-check fas\" aria-hidden=\"true\"><\/i><\/span><div class=\"fusion-li-item-content\">\n<p>Yrityksemme on sataprosenttisen virolainen.<\/p>\n<\/div><\/li><li class=\"fusion-li-item\" style=\"\"><span class=\"icon-wrapper circle-no\"><i class=\"fusion-li-icon fa-check fas\" aria-hidden=\"true\"><\/i><\/span><div class=\"fusion-li-item-content\">\n<p>Meihin luotetaan, sill\u00e4 tied\u00e4mme, mit\u00e4 teemme. <a href=\"https:\/\/kruul.ee\/?lang=fi\/#referenssit\">Lue lis\u00e4\u00e4<\/a><\/p>\n<\/div><\/li><li class=\"fusion-li-item\" style=\"\"><span class=\"icon-wrapper circle-no\"><i class=\"fusion-li-icon fa-check fas\" aria-hidden=\"true\"><\/i><\/span><div class=\"fusion-li-item-content\">\n<p>Olemme saaneet tunnustuksen Edukas Eesti Ettev\u00f5te (menestyv\u00e4 virolainen yritys) vuosina 2008, 2010 ja 2015<\/p>\n<\/div><\/li><\/ul><div class=\"fusion-clearfix\"><\/div><\/div><\/div><div class=\"fusion-layout-column fusion_builder_column fusion-builder-column-3 fusion_builder_column_1_1 1_1 fusion-one-full fusion-column-first fusion-column-last\" style=\"--awb-bg-size:cover;--awb-margin-bottom:0px;\"><div class=\"fusion-column-wrapper fusion-flex-column-wrapper-legacy\"><div class=\"fusion-title title fusion-title-4 fusion-sep-none fusion-title-text fusion-title-size-six\" style=\"--awb-text-color:#76b42a;--awb-margin-bottom:5px;--awb-margin-bottom-small:10px;\"><h6 class=\"fusion-title-heading title-heading-left\" style=\"margin:0;\">Missiomme<\/h6><\/div><div class=\"fusion-text fusion-text-2\"><p>Tavoitteenamme on tarjota korkealaatuisia tuotteita ja palveluita ymp\u00e4rist\u00f6yst\u00e4v\u00e4llisesti ja ekologisesti.<\/p>\n<\/div><div class=\"fusion-clearfix\"><\/div><\/div><\/div><div class=\"fusion-layout-column fusion_builder_column fusion-builder-column-4 fusion_builder_column_1_1 1_1 fusion-one-full fusion-column-first fusion-column-last\" style=\"--awb-bg-size:cover;--awb-margin-bottom:0px;\"><div class=\"fusion-column-wrapper fusion-flex-column-wrapper-legacy\"><div class=\"fusion-title title fusion-title-5 fusion-sep-none fusion-title-text fusion-title-size-six\" style=\"--awb-text-color:#76b42a;--awb-margin-bottom:5px;--awb-margin-bottom-small:10px;\"><h6 class=\"fusion-title-heading title-heading-left\" style=\"margin:0;\">Ohjaavat periaatteet<\/h6><\/div><div class=\"fusion-text fusion-text-3\"><p>Olemme ylpeit\u00e4 vahvoista juuristamme. Jotta voisimme vastata markkinointiarpeisiisi , pyrimme pysym\u00e4\u00e4n teknologisen kehityksen k\u00e4rjess\u00e4. Jatkamme kehittymist\u00e4 osaavina ja nopeasti reagoivina paino- ja markkinointialan ammattilaisina, valmiina kohtaamaan jokaisen haasteen.<\/p>\n<\/div><div class=\"fusion-clearfix\"><\/div><\/div><\/div><div class=\"fusion-layout-column fusion_builder_column fusion-builder-column-5 fusion_builder_column_1_1 1_1 fusion-one-full fusion-column-first fusion-column-last\" style=\"--awb-bg-size:cover;\"><div class=\"fusion-column-wrapper fusion-column-has-shadow fusion-flex-column-wrapper-legacy\"><div class=\"fusion-title title fusion-title-6 fusion-sep-none fusion-title-text fusion-title-size-six\" style=\"--awb-text-color:#76b42a;--awb-margin-bottom:5px;--awb-margin-bottom-small:10px;\"><h6 class=\"fusion-title-heading title-heading-left\" style=\"margin:0;\">Miksi kannattaa valita Kruulin painotalo?<\/h6><\/div><ul style=\"--awb-line-height:27.2px;--awb-icon-width:27.2px;--awb-icon-height:27.2px;--awb-icon-margin:11.2px;--awb-content-margin:38.4px;\" class=\"fusion-checklist fusion-checklist-2 fusion-checklist-default type-icons\"><li class=\"fusion-li-item\" style=\"\"><span class=\"icon-wrapper circle-no\"><i class=\"fusion-li-icon fa-check fas\" aria-hidden=\"true\"><\/i><\/span><div class=\"fusion-li-item-content\">\n<p>Meill\u00e4 on yli 29 vuoden kokemus ja satoja tyytyv\u00e4isi\u00e4 asiakkaita<\/p>\n<\/div><\/li><li class=\"fusion-li-item\" style=\"\"><span class=\"icon-wrapper circle-no\"><i class=\"fusion-li-icon fa-check fas\" aria-hidden=\"true\"><\/i><\/span><div class=\"fusion-li-item-content\">\n<p>Aloitimme vuonna 1992 painamalla lomakkeita yritysk\u00e4ytt\u00f6\u00f6n. Vuonna 2011 siirryimme pakkausten maailmaan, jossa olemme nyt vakiinnuttaneet asemamme. Aikaa seuraten olemme p\u00e4ivitt\u00e4neet tuotantomenetelmi\u00e4mme jatkuvasti. Pakkausten lis\u00e4ksi tarjoamme asiakkaillemme laajan valikoiman v\u00e4ripainatuksia j\u00e4lkik\u00e4sittelyvaihtoehtoineen.<\/p>\n<\/div><\/li><li class=\"fusion-li-item\" style=\"\"><span class=\"icon-wrapper circle-no\"><i class=\"fusion-li-icon fa-check fas\" aria-hidden=\"true\"><\/i><\/span><div class=\"fusion-li-item-content\">\n<p>Laajan painoalan osaamisen ja pitk\u00e4n kokemuksen ansiosta pystymme tarjoamaan yksil\u00f6llisi\u00e4 ratkaisuja ja toteuttamaan asiakkaan vaativimmatkin toiveet.<\/p>\n<\/div><\/li><\/ul><div class=\"fusion-clearfix\"><\/div><\/div><\/div><div class=\"fusion-layout-column fusion_builder_column fusion-builder-column-6 fusion_builder_column_1_1 1_1 fusion-one-full fusion-column-first fusion-column-last\" style=\"--awb-bg-size:cover;\"><div class=\"fusion-column-wrapper fusion-column-has-shadow fusion-flex-column-wrapper-legacy\"><div class=\"fusion-title title fusion-title-7 fusion-sep-none fusion-title-text fusion-title-size-six\" style=\"--awb-text-color:#76b42a;--awb-margin-bottom:5px;--awb-margin-bottom-small:10px;\"><h6 class=\"fusion-title-heading title-heading-left\" style=\"margin:0;\">Yhteisty\u00f6prosessi<\/h6><\/div><ul style=\"--awb-line-height:27.2px;--awb-icon-width:27.2px;--awb-icon-height:27.2px;--awb-icon-margin:11.2px;--awb-content-margin:38.4px;\" class=\"fusion-checklist fusion-checklist-3 fusion-checklist-default type-icons\"><li class=\"fusion-li-item\" style=\"\"><span class=\"icon-wrapper circle-no\"><i class=\"fusion-li-icon fa-check fas\" aria-hidden=\"true\"><\/i><\/span><div class=\"fusion-li-item-content\">\n<p>Otamme huomioon toiveesi ja ideasi ja kehit\u00e4mme yhdess\u00e4 tuotteellesi sopivan toiminnallisen pakkauksen.<br \/>\n* Toiminnalliset pakkaukset ja piirrokset tulevat meilt\u00e4<br \/>\n* Pakkauksen visuaalisesta ilmeest\u00e4 vastaa asiakas, mutta suosittelemme tarvittaessa sopivaa suunnittelutoimistoa<\/p>\n<\/div><\/li><li class=\"fusion-li-item\" style=\"\"><span class=\"icon-wrapper circle-no\"><i class=\"fusion-li-icon fa-check fas\" aria-hidden=\"true\"><\/i><\/span><div class=\"fusion-li-item-content\">\n<p>Kartoitamme tuotantoprosessin ja arviomme toimitusajan<\/p>\n<\/div><\/li><li class=\"fusion-li-item\" style=\"\"><span class=\"icon-wrapper circle-no\"><i class=\"fusion-li-icon fa-check fas\" aria-hidden=\"true\"><\/i><\/span><div class=\"fusion-li-item-content\">\n<p>Aloitamme tuotantoprosessin<\/p>\n<\/div><\/li><li class=\"fusion-li-item\" style=\"\"><span class=\"icon-wrapper circle-no\"><i class=\"fusion-li-icon fa-check fas\" aria-hidden=\"true\"><\/i><\/span><div class=\"fusion-li-item-content\">\n<p>Toimitamme tuotteet haluamaasi osoitteeseen<\/p>\n<\/div><\/li><li class=\"fusion-li-item\" style=\"\"><span class=\"icon-wrapper circle-no\"><i class=\"fusion-li-icon fa-check fas\" aria-hidden=\"true\"><\/i><\/span><div class=\"fusion-li-item-content\">\n<p>Tarjoamme yksil\u00f6ity\u00e4 myynnin j\u00e4lkeist\u00e4 palvelua. Meille on t\u00e4rke\u00e4\u00e4, ett\u00e4 ty\u00f6mme palvelee sek\u00e4 sinun ett\u00e4 asiakkaasi etua, ja siksi pyyd\u00e4mme aina palautetta ty\u00f6st\u00e4mme ja toivomme menestyksekk\u00e4\u00e4n yhteisty\u00f6n jatkuvan.<\/p>\n<\/div><\/li><\/ul><div class=\"fusion-clearfix\"><\/div><\/div><\/div><\/div><\/div><div class=\"fusion-fullwidth fullwidth-box fusion-builder-row-2 gradient-container-2 nonhundred-percent-fullwidth non-hundred-percent-height-scrolling\" style=\"--awb-border-radius-top-left:0px;--awb-border-radius-top-right:0px;--awb-border-radius-bottom-right:0px;--awb-border-radius-bottom-left:0px;--awb-flex-wrap:wrap;\" ><div class=\"fusion-builder-row fusion-row\"><div class=\"fusion-layout-column fusion_builder_column fusion-builder-column-7 fusion_builder_column_1_1 1_1 fusion-one-full fusion-column-first fusion-column-last\" style=\"--awb-bg-size:cover;\"><div class=\"fusion-column-wrapper fusion-column-has-shadow fusion-flex-column-wrapper-legacy\"><div class=\"fusion-sep-clear\"><\/div><div class=\"fusion-separator fusion-full-width-sep\" style=\"margin-left: auto;margin-right: auto;margin-top:15px;margin-bottom:15px;width:100%;\"><div class=\"fusion-separator-border sep-single sep-solid\" style=\"--awb-height:20px;--awb-amount:20px;--awb-sep-color:#eeeeee;border-color:#eeeeee;border-top-width:2px;\"><\/div><\/div><div class=\"fusion-sep-clear\"><\/div><div class=\"fusion-title title fusion-title-8 fusion-sep-none fusion-title-text fusion-title-size-six\" style=\"--awb-text-color:#76b42a;--awb-margin-bottom-small:10px;\"><h6 class=\"fusion-title-heading title-heading-left\" style=\"margin:0;\">Edukas Eesti Ettev\u00f5te (menestyv\u00e4 virolainen yritys)<\/h6><\/div><div class=\"fusion-button-wrapper\"><a class=\"fusion-button button-flat fusion-button-default-size button-default fusion-button-default button-1 fusion-button-default-span fusion-button-default-type\" target=\"_blank\" rel=\"noopener noreferrer\" href=\"https:\/\/kruul.ee\/wp-content\/uploads\/2020\/09\/sertEST08.pdf\"><span class=\"fusion-button-text\">2008<\/span><\/a><\/div><div class=\"fusion-button-wrapper\"><a class=\"fusion-button button-flat fusion-button-default-size button-default fusion-button-default button-2 fusion-button-default-span fusion-button-default-type\" target=\"_blank\" rel=\"noopener noreferrer\" href=\"https:\/\/kruul.ee\/wp-content\/uploads\/2020\/09\/sertEST10.pdf\"><span class=\"fusion-button-text\">2010<\/span><\/a><\/div><div class=\"fusion-button-wrapper\"><a class=\"fusion-button button-flat fusion-button-default-size button-default fusion-button-default button-3 fusion-button-default-span fusion-button-default-type\" target=\"_blank\" rel=\"noopener noreferrer\" href=\"https:\/\/kruul.ee\/wp-content\/uploads\/2020\/09\/sertEST15.pdf\"><span class=\"fusion-button-text\">2015<\/span><\/a><\/div><div class=\"fusion-clearfix\"><\/div><\/div><\/div><\/div><\/div><\/p>\n","protected":false},"excerpt":{"rendered":"","protected":false},"author":5,"featured_media":0,"parent":0,"menu_order":0,"comment_status":"closed","ping_status":"closed","template":"","meta":{"footnotes":""},"_links":{"self":[{"href":"https:\/\/kruul.ee\/fi\/wp-json\/wp\/v2\/pages\/21567"}],"collection":[{"href":"https:\/\/kruul.ee\/fi\/wp-json\/wp\/v2\/pages"}],"about":[{"href":"https:\/\/kruul.ee\/fi\/wp-json\/wp\/v2\/types\/page"}],"author":[{"embeddable":true,"href":"https:\/\/kruul.ee\/fi\/wp-json\/wp\/v2\/users\/5"}],"replies":[{"embeddable":true,"href":"https:\/\/kruul.ee\/fi\/wp-json\/wp\/v2\/comments?post=21567"}],"version-history":[{"count":10,"href":"https:\/\/kruul.ee\/fi\/wp-json\/wp\/v2\/pages\/21567\/revisions"}],"predecessor-version":[{"id":21761,"href":"https:\/\/kruul.ee\/fi\/wp-json\/wp\/v2\/pages\/21567\/revisions\/21761"}],"wp:attachment":[{"href":"https:\/\/kruul.ee\/fi\/wp-json\/wp\/v2\/media?parent=21567"}],"curies":[{"name":"wp","href":"https:\/\/api.w.org\/{rel}","templated":true}]}}