{"id":21564,"date":"2021-01-15T11:15:16","date_gmt":"2021-01-15T09:15:16","guid":{"rendered":"https:\/\/kruul.ee\/?page_id=21564"},"modified":"2021-01-20T14:57:22","modified_gmt":"2021-01-20T12:57:22","slug":"offsetpaino","status":"publish","type":"page","link":"https:\/\/kruul.ee\/fi\/palvelut\/offsetpaino\/","title":{"rendered":"Offsetpaino"},"content":{"rendered":"<div class=\"fusion-fullwidth fullwidth-box fusion-builder-row-1 fusion-flex-container gradient-container-1 nonhundred-percent-fullwidth non-hundred-percent-height-scrolling\" style=\"--awb-border-radius-top-left:0px;--awb-border-radius-top-right:0px;--awb-border-radius-bottom-right:0px;--awb-border-radius-bottom-left:0px;--awb-flex-wrap:wrap;\" ><div class=\"fusion-builder-row fusion-row fusion-flex-align-items-flex-start fusion-flex-content-wrap\" style=\"max-width:1144px;margin-left: calc(-4% \/ 2 );margin-right: calc(-4% \/ 2 );\"><div class=\"fusion-layout-column fusion_builder_column fusion-builder-column-0 fusion_builder_column_1_1 1_1 fusion-flex-column\" style=\"--awb-bg-size:cover;--awb-width-large:100%;--awb-margin-top-large:0px;--awb-spacing-right-large:1.92%;--awb-margin-bottom-large:20px;--awb-spacing-left-large:1.92%;--awb-width-medium:100%;--awb-order-medium:0;--awb-spacing-right-medium:1.92%;--awb-spacing-left-medium:1.92%;--awb-width-small:100%;--awb-order-small:0;--awb-spacing-right-small:1.92%;--awb-spacing-left-small:1.92%;\"><div class=\"fusion-column-wrapper fusion-column-has-shadow fusion-flex-justify-content-flex-start fusion-content-layout-column\"><div class=\"fusion-title title fusion-title-1 fusion-sep-none fusion-title-text fusion-title-size-one\" style=\"--awb-margin-bottom-small:10px;\"><h1 class=\"fusion-title-heading title-heading-left\" style=\"margin:0;\">Offsetpaino<\/h1><\/div><div class=\"fusion-title title fusion-title-2 fusion-sep-none fusion-title-text fusion-title-size-six\" style=\"--awb-text-color:#76b42a;--awb-margin-bottom:0px;--awb-margin-bottom-small:10px;\"><h6 class=\"fusion-title-heading title-heading-left\" style=\"margin:0;\">Offsetpainoa kutsutaan my\u00f6s nimell\u00e4 litografia.<\/h6><\/div><div class=\"fusion-text fusion-text-1\"><p>Menetelm\u00e4 pit\u00e4\u00e4 sis\u00e4ll\u00e4\u00e4n tekstin ja kuvien siirt\u00e4misen yhdelt\u00e4 materiaalilta toiselle painolevyj\u00e4 k\u00e4ytt\u00e4en. Offset on laadukkain painomenetelm\u00e4, joka on samalla edullinen mutta monipuolinen. <strong>Korkealaatuista <\/strong><strong>offset<\/strong>&#8211;<strong>arkkipainokonetta<\/strong><strong> k\u00e4ytet\u00e4\u00e4n muun muassa mainosten, esitteiden tai pakkauksien painamiseen.<\/strong><\/p>\n<p><strong>Alla olevassa taulukossa vertaillaan offsetpainoa ja digipainoa. <\/strong><\/p>\n<\/div><\/div><\/div><div class=\"fusion-layout-column fusion_builder_column fusion-builder-column-1 fusion_builder_column_1_1 1_1 fusion-flex-column\" style=\"--awb-bg-size:cover;--awb-width-large:100%;--awb-margin-top-large:0px;--awb-spacing-right-large:1.92%;--awb-margin-bottom-large:20px;--awb-spacing-left-large:1.92%;--awb-width-medium:100%;--awb-order-medium:0;--awb-spacing-right-medium:1.92%;--awb-spacing-left-medium:1.92%;--awb-width-small:100%;--awb-order-small:0;--awb-spacing-right-small:1.92%;--awb-spacing-left-small:1.92%;\"><div class=\"fusion-column-wrapper fusion-column-has-shadow fusion-flex-justify-content-flex-start fusion-content-layout-column\"><div class=\"fusion-title title fusion-title-3 fusion-sep-none fusion-title-center fusion-title-text fusion-title-size-six\" style=\"--awb-text-color:#76b42a;--awb-margin-bottom-small:10px;\"><h6 class=\"fusion-title-heading title-heading-center\" style=\"margin:0;\">Milloin kannattaa valita offset ja milloin taas digipainaminen olisi parempi vaihtoehto?<\/h6><\/div><div class=\"elegant-content-toggle elegant-content-toggle-1 fusion-clearfix \"><style type=\"text\/css\">.elegant-content-toggle.elegant-content-toggle-1 .content-toggle-switch-label {background:#ff0073;}.elegant-content-toggle.elegant-content-toggle-1 .switch-active .content-toggle-switch-label {background:#0095ff;}.elegant-content-toggle.elegant-content-toggle-1 .content-toggle-switch-first,.elegant-content-toggle.elegant-content-toggle-1 .content-toggle-switch-last {font-family: 'Open Sans' ;font-weight: 400;color:#333333;font-size:18px;}<\/style><div class=\"content-toggle-switch\"><div class=\"content-toggle-switch-first\"><span class=\"content-toggle-title\">Offsetpaino<\/span><\/div><div class=\"content-toggle-switch-button\"><label class=\"content-toggle-switch-label\"><\/label><\/div><div class=\"content-toggle-switch-last\"><span class=\"content-toggle-title\">Digipainaminen<\/span><\/div><\/div><div class=\"content-toggle-first active-content\">\r\n<div class=\"table-1\">\r\n<table width=\"100%\">\r\n<thead>\r\n<tr>\r\n<th align=\"left\" width=\"30%\"><\/th>\r\n<th align=\"left\" width=\"70%\"><span style=\"color: #ff0073;\">Offsetpaino<\/span><\/th>\r\n<\/tr>\r\n<\/thead>\r\n<tbody>\r\n<tr>\r\n<td align=\"left\"><strong>M\u00e4\u00e4ra<\/strong><\/td>\r\n<td align=\"left\"><span style=\"color: #ff0073;\">750 tai enemm\u00e4n<\/span><\/td>\r\n<\/tr>\r\n<tr>\r\n<td align=\"left\"><strong>V\u00e4rit<\/strong><\/td>\r\n<td align=\"left\"><span style=\"color: #ff0073;\">Pantone tai CMYK<\/span><\/td>\r\n<\/tr>\r\n<tr>\r\n<td align=\"left\"><strong>Toimitusaika<\/strong><\/td>\r\n<td align=\"left\"><span style=\"color: #ff0073;\">Muutamassa p\u00e4iv\u00e4ss\u00e4 tai 1 viikossa<\/span><\/td>\r\n<\/tr>\r\n<tr>\r\n<td align=\"left\"><strong>Hinta<\/strong><\/td>\r\n<td align=\"left\"><span style=\"color: #ff0073;\">Edullinen kpl. hinta <\/span><span style=\"color: #ff0073;\">isoissa tilausm\u00e4\u00e4riss\u00e4<\/span><\/td>\r\n<\/tr>\r\n<tr>\r\n<td align=\"left\"><strong>Laatu<\/strong><\/td>\r\n<td align=\"left\"><span style=\"color: #ff0073;\">Eritt\u00e4in korkealaatuinen, mahdollinen mikropainatus\r\n<\/span><\/td>\r\n<\/tr>\r\n<tr>\r\n<td align=\"left\"><strong>Muuttuva teksti<\/strong><\/td>\r\n<td align=\"left\"><span style=\"color: #ff0073;\">J\u00e4lkik\u00e4sittelyn\u00e4 on mahdollista lis\u00e4t\u00e4 vain numerointi<\/span><\/td>\r\n<\/tr>\r\n<tr>\r\n<td align=\"left\"><strong>J\u00e4lkik\u00e4sittelyt<\/strong><\/td>\r\n<td align=\"left\"><span style=\"color: #ff0073;\">Pit\u00e4\u00e4 kuivua ennen j\u00e4lkik\u00e4sittely\u00e4<\/span><\/td>\r\n<\/tr>\r\n<tr>\r\n<td align=\"left\"><strong>Erikosiv\u00e4rit<\/strong><\/td>\r\n<td align=\"left\"><span style=\"color: #ff0073;\">Kyl\u00e4\u00e4, mahdollisuus k\u00e4ytt\u00e4\u00e4 metallisi\u00e4 v\u00e4rej\u00e4, neoonisi\u00e4 v\u00e4rej\u00e4 ja PMS-v\u00e4rej\u00e4<\/span><\/td>\r\n<\/tr>\r\n<tr>\r\n<td align=\"left\"><strong>Painovedos<\/strong><\/td>\r\n<td align=\"left\"><span style=\"color: #ff0073;\">Eritt\u00e4in tarkan v\u00e4rivedoksen valmistus on kallista<\/span><\/td>\r\n<\/tr>\r\n<tr>\r\n<td align=\"left\"><strong>Materiaalien valikoima<\/strong><\/td>\r\n<td align=\"left\"><span style=\"color: #ff0073;\">Eritt\u00e4in laaja materiaalien valikoima muun muassa <\/span><\/td>\r\n<\/tr>\r\n<\/tbody>\r\n<\/table>\r\n<\/div>\r\n<\/div><div class=\"content-toggle-last\">\r\n<div class=\"table-1\">\r\n<table width=\"100%\">\r\n<thead>\r\n<tr>\r\n<th align=\"left\" width=\"30%\"><\/th>\r\n<th align=\"left\" width=\"70%\"><span style=\"color: #0095ff;\">Digipainaminen<\/span><\/th>\r\n<\/tr>\r\n<\/thead>\r\n<tbody>\r\n<tr>\r\n<td align=\"left\"><strong>M\u00e4\u00e4r\u00e4<\/strong><\/td>\r\n<td align=\"left\"><span style=\"color: #0095ff;\">1 - 750<\/span><\/td>\r\n<\/tr>\r\n<tr>\r\n<td align=\"left\"><strong>V\u00e4rit<\/strong><\/td>\r\n<td align=\"left\"><span style=\"color: #0095ff;\">vain CMYK<\/span><\/td>\r\n<\/tr>\r\n<tr>\r\n<td align=\"left\"><strong>Toimistusaika<\/strong><\/td>\r\n<td align=\"left\"><span style=\"color: #0095ff;\">L\u00e4hinn\u00e4 1 vuorokaudessa<\/span><\/td>\r\n<\/tr>\r\n<tr>\r\n<td align=\"left\"><strong>Hinta<\/strong><\/td>\r\n<td align=\"left\"><span style=\"color: #0095ff;\">Edullinen kpl. hinta pieniss\u00e4 tilausm\u00e4\u00e4riss\u00e4<\/span><\/td>\r\n<\/tr>\r\n<tr>\r\n<td align=\"left\"><strong>Laatu<\/strong><\/td>\r\n<td align=\"left\"><span style=\"color: #0095ff;\">Korkea laatu<\/span><\/td>\r\n<\/tr>\r\n<tr>\r\n<td align=\"left\"><strong>Muuttuva teksti<\/strong><\/td>\r\n<td align=\"left\"><span style=\"color: #0095ff;\">Kyll\u00e4, jokainen painos voi olla t\u00e4ysin erilainen<\/span><\/td>\r\n<\/tr>\r\n<tr>\r\n<td align=\"left\"><strong>J\u00e4lkik\u00e4sittelyt<\/strong><\/td>\r\n<td align=\"left\"><span style=\"color: #0095ff;\">J\u00e4lkik\u00e4sittelyill\u00e4 saa aloittaa heti painotuksen j\u00e4lkeen<\/span><\/td>\r\n<\/tr>\r\n<tr>\r\n<td align=\"left\"><strong>Erikosiv\u00e4rit<\/strong><\/td>\r\n<td align=\"left\"><span style=\"color: #0095ff;\">Ei, mahdollinen vain CMYK v\u00e4reill\u00e4 (neliv\u00e4ri paino<\/span><\/td>\r\n<\/tr>\r\n<tr>\r\n<td align=\"left\"><strong>Painovedos<\/strong><\/td>\r\n<td align=\"left\"><span style=\"color: #0095ff;\">Painovedos on edullinen ja vastaa tarkasti lopputulokseen<\/span><\/td>\r\n<\/tr>\r\n<tr>\r\n<td align=\"left\"><strong>Materiaalien valikoima<\/strong><\/td>\r\n<td align=\"left\"><span style=\"color: #0095ff;\">Laaja materiaaline valikoima mutta kaikki materiaalit eiv\u00e4t sovellu<\/span><\/td>\r\n<\/tr>\r\n<\/tbody>\r\n<\/table>\r\n<\/div>\r\n<\/div><\/div><\/div><\/div><\/div><\/div>\n","protected":false},"excerpt":{"rendered":"","protected":false},"author":5,"featured_media":0,"parent":21535,"menu_order":0,"comment_status":"closed","ping_status":"closed","template":"","meta":{"footnotes":""},"_links":{"self":[{"href":"https:\/\/kruul.ee\/fi\/wp-json\/wp\/v2\/pages\/21564"}],"collection":[{"href":"https:\/\/kruul.ee\/fi\/wp-json\/wp\/v2\/pages"}],"about":[{"href":"https:\/\/kruul.ee\/fi\/wp-json\/wp\/v2\/types\/page"}],"author":[{"embeddable":true,"href":"https:\/\/kruul.ee\/fi\/wp-json\/wp\/v2\/users\/5"}],"replies":[{"embeddable":true,"href":"https:\/\/kruul.ee\/fi\/wp-json\/wp\/v2\/comments?post=21564"}],"version-history":[{"count":5,"href":"https:\/\/kruul.ee\/fi\/wp-json\/wp\/v2\/pages\/21564\/revisions"}],"predecessor-version":[{"id":21758,"href":"https:\/\/kruul.ee\/fi\/wp-json\/wp\/v2\/pages\/21564\/revisions\/21758"}],"up":[{"embeddable":true,"href":"https:\/\/kruul.ee\/fi\/wp-json\/wp\/v2\/pages\/21535"}],"wp:attachment":[{"href":"https:\/\/kruul.ee\/fi\/wp-json\/wp\/v2\/media?parent=21564"}],"curies":[{"name":"wp","href":"https:\/\/api.w.org\/{rel}","templated":true}]}}