{"id":21550,"date":"2021-01-15T11:10:32","date_gmt":"2021-01-15T09:10:32","guid":{"rendered":"https:\/\/kruul.ee\/?page_id=21550"},"modified":"2021-01-15T11:11:20","modified_gmt":"2021-01-15T09:11:20","slug":"suunnittelu","status":"publish","type":"page","link":"https:\/\/kruul.ee\/fi\/palvelut\/suunnittelu\/","title":{"rendered":"Suunnittelu"},"content":{"rendered":"<div class=\"fusion-fullwidth fullwidth-box fusion-builder-row-1 fusion-flex-container gradient-container-1 nonhundred-percent-fullwidth non-hundred-percent-height-scrolling\" style=\"--awb-border-radius-top-left:0px;--awb-border-radius-top-right:0px;--awb-border-radius-bottom-right:0px;--awb-border-radius-bottom-left:0px;--awb-flex-wrap:wrap;\" ><div class=\"fusion-builder-row fusion-row fusion-flex-align-items-flex-start fusion-flex-content-wrap\" style=\"max-width:1144px;margin-left: calc(-4% \/ 2 );margin-right: calc(-4% \/ 2 );\"><div class=\"fusion-layout-column fusion_builder_column fusion-builder-column-0 fusion_builder_column_1_1 1_1 fusion-flex-column\" style=\"--awb-bg-size:cover;--awb-width-large:100%;--awb-margin-top-large:0px;--awb-spacing-right-large:1.92%;--awb-margin-bottom-large:20px;--awb-spacing-left-large:1.92%;--awb-width-medium:100%;--awb-order-medium:0;--awb-spacing-right-medium:1.92%;--awb-spacing-left-medium:1.92%;--awb-width-small:100%;--awb-order-small:0;--awb-spacing-right-small:1.92%;--awb-spacing-left-small:1.92%;\"><div class=\"fusion-column-wrapper fusion-column-has-shadow fusion-flex-justify-content-flex-start fusion-content-layout-column\"><div class=\"fusion-title title fusion-title-1 fusion-sep-none fusion-title-text fusion-title-size-one\" style=\"--awb-margin-bottom-small:10px;\"><h1 class=\"fusion-title-heading title-heading-left\" style=\"margin:0;\">Suunnittelu<\/h1><\/div><div class=\"fusion-title title fusion-title-2 fusion-sep-none fusion-title-text fusion-title-size-six\" style=\"--awb-text-color:#76b42a;--awb-margin-bottom:0px;--awb-margin-bottom-small:10px;\"><h6 class=\"fusion-title-heading title-heading-left\" style=\"margin:0;\">Luomme yrityksellesi ainutlaatuisen, tuotemerkkisi autenttisuuteen perustuvan ilmeen yhteisty\u00f6ss\u00e4 alan asiantuntijoiden kanssa.<\/h6><\/div><div class=\"fusion-text fusion-text-1\"><p>Kuuntelemme huolellisesti jokaisen toiveesi, jotta voimme suunnitella ulkoasultaan juuri sellaisen pakkauksen, joka vetoaa kohderyhm\u00e4\u00e4si. Uskomme, ett\u00e4 t\u00e4rkeint\u00e4 on luoda tunneyhteys tuotemerkin ja asiakkaan v\u00e4lille \u2013 ja yksi tapa on hy\u00f6dynt\u00e4\u00e4 erinomaista muotoilua sek\u00e4 toiminnallista pakkausta. Pakkauksen design kiinnitt\u00e4\u00e4 asiakkaan huomion ensimm\u00e4isen\u00e4 ja alkaa alitajuisesti muodostaa ennakkok\u00e4sityst\u00e4 tuotemerkist\u00e4si.<\/p>\n<p><b>Ota meihin yhteytt\u00e4 jo t\u00e4n\u00e4\u00e4n ja l\u00f6yd\u00e4mme yhdess\u00e4 Sinulle parhaan ratkaisun!<\/b><\/p>\n<\/div><div class=\"fusion-image-element \" style=\"--awb-caption-title-font-family:var(--h2_typography-font-family);--awb-caption-title-font-weight:var(--h2_typography-font-weight);--awb-caption-title-font-style:var(--h2_typography-font-style);--awb-caption-title-size:var(--h2_typography-font-size);--awb-caption-title-transform:var(--h2_typography-text-transform);--awb-caption-title-line-height:var(--h2_typography-line-height);--awb-caption-title-letter-spacing:var(--h2_typography-letter-spacing);\"><span class=\" fusion-imageframe imageframe-none imageframe-1 hover-type-none\"><img decoding=\"async\" width=\"800\" height=\"655\" title=\"00-kujundus\" src=\"https:\/\/kruul.ee\/wp-content\/uploads\/2020\/11\/00-kujundus.jpg\" alt class=\"img-responsive wp-image-21485\" srcset=\"https:\/\/kruul.ee\/wp-content\/uploads\/2020\/11\/00-kujundus-200x164.jpg 200w, https:\/\/kruul.ee\/wp-content\/uploads\/2020\/11\/00-kujundus-400x328.jpg 400w, https:\/\/kruul.ee\/wp-content\/uploads\/2020\/11\/00-kujundus-600x491.jpg 600w, https:\/\/kruul.ee\/wp-content\/uploads\/2020\/11\/00-kujundus.jpg 800w\" sizes=\"(max-width: 1024px) 100vw, (max-width: 640px) 100vw, 800px\" \/><\/span><\/div><\/div><\/div><\/div><\/div>\n","protected":false},"excerpt":{"rendered":"","protected":false},"author":5,"featured_media":0,"parent":21535,"menu_order":0,"comment_status":"closed","ping_status":"closed","template":"","meta":{"footnotes":""},"_links":{"self":[{"href":"https:\/\/kruul.ee\/fi\/wp-json\/wp\/v2\/pages\/21550"}],"collection":[{"href":"https:\/\/kruul.ee\/fi\/wp-json\/wp\/v2\/pages"}],"about":[{"href":"https:\/\/kruul.ee\/fi\/wp-json\/wp\/v2\/types\/page"}],"author":[{"embeddable":true,"href":"https:\/\/kruul.ee\/fi\/wp-json\/wp\/v2\/users\/5"}],"replies":[{"embeddable":true,"href":"https:\/\/kruul.ee\/fi\/wp-json\/wp\/v2\/comments?post=21550"}],"version-history":[{"count":4,"href":"https:\/\/kruul.ee\/fi\/wp-json\/wp\/v2\/pages\/21550\/revisions"}],"predecessor-version":[{"id":21554,"href":"https:\/\/kruul.ee\/fi\/wp-json\/wp\/v2\/pages\/21550\/revisions\/21554"}],"up":[{"embeddable":true,"href":"https:\/\/kruul.ee\/fi\/wp-json\/wp\/v2\/pages\/21535"}],"wp:attachment":[{"href":"https:\/\/kruul.ee\/fi\/wp-json\/wp\/v2\/media?parent=21550"}],"curies":[{"name":"wp","href":"https:\/\/api.w.org\/{rel}","templated":true}]}}