{"id":21538,"date":"2021-01-15T11:01:22","date_gmt":"2021-01-15T09:01:22","guid":{"rendered":"https:\/\/kruul.ee\/?page_id=21538"},"modified":"2021-01-15T11:01:53","modified_gmt":"2021-01-15T09:01:53","slug":"lomakkeet","status":"publish","type":"page","link":"https:\/\/kruul.ee\/fi\/palvelut\/lomakkeet\/","title":{"rendered":"Lomakkeet"},"content":{"rendered":"<div class=\"fusion-fullwidth fullwidth-box fusion-builder-row-1 fusion-flex-container gradient-container-1 nonhundred-percent-fullwidth non-hundred-percent-height-scrolling\" style=\"--awb-border-radius-top-left:0px;--awb-border-radius-top-right:0px;--awb-border-radius-bottom-right:0px;--awb-border-radius-bottom-left:0px;--awb-flex-wrap:wrap;\" ><div class=\"fusion-builder-row fusion-row fusion-flex-align-items-flex-start fusion-flex-content-wrap\" style=\"max-width:1144px;margin-left: calc(-4% \/ 2 );margin-right: calc(-4% \/ 2 );\"><div class=\"fusion-layout-column fusion_builder_column fusion-builder-column-0 fusion_builder_column_1_1 1_1 fusion-flex-column\" style=\"--awb-bg-size:cover;--awb-width-large:100%;--awb-margin-top-large:0px;--awb-spacing-right-large:1.92%;--awb-margin-bottom-large:20px;--awb-spacing-left-large:1.92%;--awb-width-medium:100%;--awb-order-medium:0;--awb-spacing-right-medium:1.92%;--awb-spacing-left-medium:1.92%;--awb-width-small:100%;--awb-order-small:0;--awb-spacing-right-small:1.92%;--awb-spacing-left-small:1.92%;\"><div class=\"fusion-column-wrapper fusion-column-has-shadow fusion-flex-justify-content-flex-start fusion-content-layout-column\"><div class=\"fusion-title title fusion-title-1 fusion-sep-none fusion-title-text fusion-title-size-one\" style=\"--awb-margin-bottom-small:10px;\"><h1 class=\"fusion-title-heading title-heading-left\" style=\"margin:0;\">Lomakkeet<\/h1><\/div><div class=\"fusion-title title fusion-title-2 fusion-sep-none fusion-title-text fusion-title-size-six\" style=\"--awb-text-color:#76b42a;--awb-margin-bottom:0px;--awb-margin-bottom-small:10px;\"><h6 class=\"fusion-title-heading title-heading-left\" style=\"margin:0;\">Olemme ansioituneita lomakkeiden painajia.<\/h6><\/div><div class=\"fusion-text fusion-text-1\"><p>Painotalossamme on mahdollista painaa yrityksesi logo ja yhteystiedot lomakkeeseen sek\u00e4 lis\u00e4t\u00e4 muita t\u00e4rkeit\u00e4 tietoja sinua ja asiakastasi varten. Lomakkeet ovat ihanteellisia yrityksille, jotka joutuvat l\u00e4hett\u00e4m\u00e4\u00e4n suuren m\u00e4\u00e4r\u00e4n laskuja. <\/p>\n<\/div><div class=\"fusion-image-element \" style=\"--awb-caption-title-font-family:var(--h2_typography-font-family);--awb-caption-title-font-weight:var(--h2_typography-font-weight);--awb-caption-title-font-style:var(--h2_typography-font-style);--awb-caption-title-size:var(--h2_typography-font-size);--awb-caption-title-transform:var(--h2_typography-text-transform);--awb-caption-title-line-height:var(--h2_typography-line-height);--awb-caption-title-letter-spacing:var(--h2_typography-letter-spacing);\"><span class=\" fusion-imageframe imageframe-none imageframe-1 hover-type-none\"><img decoding=\"async\" width=\"800\" height=\"655\" title=\"00-blankett\" src=\"https:\/\/kruul.ee\/wp-content\/uploads\/2020\/11\/00-blankett.jpg\" alt class=\"img-responsive wp-image-21483\" srcset=\"https:\/\/kruul.ee\/wp-content\/uploads\/2020\/11\/00-blankett-200x164.jpg 200w, https:\/\/kruul.ee\/wp-content\/uploads\/2020\/11\/00-blankett-400x328.jpg 400w, https:\/\/kruul.ee\/wp-content\/uploads\/2020\/11\/00-blankett-600x491.jpg 600w, https:\/\/kruul.ee\/wp-content\/uploads\/2020\/11\/00-blankett.jpg 800w\" sizes=\"(max-width: 1024px) 100vw, (max-width: 640px) 100vw, 800px\" \/><\/span><\/div><\/div><\/div><\/div><\/div>\n","protected":false},"excerpt":{"rendered":"","protected":false},"author":5,"featured_media":0,"parent":21535,"menu_order":0,"comment_status":"closed","ping_status":"closed","template":"","meta":{"footnotes":""},"_links":{"self":[{"href":"https:\/\/kruul.ee\/fi\/wp-json\/wp\/v2\/pages\/21538"}],"collection":[{"href":"https:\/\/kruul.ee\/fi\/wp-json\/wp\/v2\/pages"}],"about":[{"href":"https:\/\/kruul.ee\/fi\/wp-json\/wp\/v2\/types\/page"}],"author":[{"embeddable":true,"href":"https:\/\/kruul.ee\/fi\/wp-json\/wp\/v2\/users\/5"}],"replies":[{"embeddable":true,"href":"https:\/\/kruul.ee\/fi\/wp-json\/wp\/v2\/comments?post=21538"}],"version-history":[{"count":5,"href":"https:\/\/kruul.ee\/fi\/wp-json\/wp\/v2\/pages\/21538\/revisions"}],"predecessor-version":[{"id":21543,"href":"https:\/\/kruul.ee\/fi\/wp-json\/wp\/v2\/pages\/21538\/revisions\/21543"}],"up":[{"embeddable":true,"href":"https:\/\/kruul.ee\/fi\/wp-json\/wp\/v2\/pages\/21535"}],"wp:attachment":[{"href":"https:\/\/kruul.ee\/fi\/wp-json\/wp\/v2\/media?parent=21538"}],"curies":[{"name":"wp","href":"https:\/\/api.w.org\/{rel}","templated":true}]}}