{"id":21104,"date":"2021-01-08T15:03:00","date_gmt":"2021-01-08T13:03:00","guid":{"rendered":"https:\/\/kruul.veebispetsid.com\/?page_id=21104"},"modified":"2021-01-08T15:48:02","modified_gmt":"2021-01-08T13:48:02","slug":"post-press","status":"publish","type":"page","link":"https:\/\/kruul.ee\/en\/services\/post-press\/","title":{"rendered":"Post press"},"content":{"rendered":"<div class=\"fusion-fullwidth fullwidth-box fusion-builder-row-1 fusion-flex-container gradient-container-1 nonhundred-percent-fullwidth non-hundred-percent-height-scrolling\" style=\"--awb-border-radius-top-left:0px;--awb-border-radius-top-right:0px;--awb-border-radius-bottom-right:0px;--awb-border-radius-bottom-left:0px;--awb-flex-wrap:wrap;\" ><div class=\"fusion-builder-row fusion-row fusion-flex-align-items-flex-start fusion-flex-content-wrap\" style=\"max-width:1144px;margin-left: calc(-4% \/ 2 );margin-right: calc(-4% \/ 2 );\"><div class=\"fusion-layout-column fusion_builder_column fusion-builder-column-0 fusion_builder_column_1_1 1_1 fusion-flex-column\" style=\"--awb-bg-size:cover;--awb-width-large:100%;--awb-margin-top-large:0px;--awb-spacing-right-large:1.92%;--awb-margin-bottom-large:20px;--awb-spacing-left-large:1.92%;--awb-width-medium:100%;--awb-order-medium:0;--awb-spacing-right-medium:1.92%;--awb-spacing-left-medium:1.92%;--awb-width-small:100%;--awb-order-small:0;--awb-spacing-right-small:1.92%;--awb-spacing-left-small:1.92%;\"><div class=\"fusion-column-wrapper fusion-column-has-shadow fusion-flex-justify-content-flex-start fusion-content-layout-column\"><div class=\"fusion-title title fusion-title-1 fusion-sep-none fusion-title-text fusion-title-size-one\" style=\"--awb-margin-bottom-small:10px;\"><h1 class=\"fusion-title-heading title-heading-left\" style=\"margin:0;\">Post press<\/h1><\/div><div class=\"fusion-text fusion-text-1\"><p align=\"JUSTIFY\"><b>Post press is the last step in the production of each publication, which creates personality and gives the final look. <\/b><\/p>\n<\/div><div class=\"fusion-title title fusion-title-2 fusion-sep-none fusion-title-text fusion-title-size-six\" style=\"--awb-text-color:#76b42a;--awb-margin-bottom-small:10px;\"><h6 class=\"fusion-title-heading title-heading-left\" style=\"margin:0;\">Post press processing gives the publication exactly the design you need:<\/h6><\/div><div class=\"fusion-content-boxes content-boxes columns row fusion-columns-1 fusion-columns-total-14 fusion-content-boxes-1 content-boxes-timeline-vertical content-left content-boxes-timeline-layout content-boxes-icon-with-title fusion-delayed-animation\" style=\"--awb-hover-accent-color:#33476b;--awb-circle-hover-accent-color:transparent;--awb-item-margin-bottom:40px;\" data-animation-delay=\"350\" data-animationOffset=\"top-into-view\"><div style=\"--awb-backgroundcolor:rgba(255,255,255,0);--awb-content-padding-left:45px;\" class=\"fusion-column content-box-column content-box-column content-box-column-1 col-lg-12 col-md-12 col-sm-12 fusion-content-box-hover content-box-column-last-in-row\"><div class=\"col content-box-wrapper content-wrapper link-area-box icon-hover-animation-none fusion-animated\" data-animationType=\"fadeIn\" data-animationDuration=\"0.25\" data-animationOffset=\"top-into-view\"><div class=\"heading heading-with-icon icon-left\"><div class=\"icon\" style=\"-webkit-animation-duration: 350ms;animation-duration: 350ms;\"><i style=\"background-color:transparent;border-color:transparent;height:auto;width: 25px;line-height:normal;font-size:25px;\" aria-hidden=\"true\" class=\"fontawesome-icon fa-check fas circle-no\"><\/i><\/div><h2 class=\"content-box-heading\" style=\"--h2_typography-font-size:18px;line-height:23px;\">die-cutting<\/h2><\/div><div class=\"fusion-clearfix\"><\/div><div class=\"content-container\">\n<p>means the process by which the surface of a package is pushed out of the sheet, the edges and corners being grooved.<\/p>\n<\/div><\/div><\/div><div style=\"--awb-backgroundcolor:rgba(255,255,255,0);--awb-content-padding-left:45px;\" class=\"fusion-column content-box-column content-box-column content-box-column-2 col-lg-12 col-md-12 col-sm-12 fusion-content-box-hover content-box-column-last-in-row\"><div class=\"col content-box-wrapper content-wrapper link-area-box icon-hover-animation-none fusion-animated\" data-animationType=\"fadeIn\" data-animationDuration=\"0.25\" data-animationOffset=\"top-into-view\"><div class=\"heading heading-with-icon icon-left\"><div class=\"icon\" style=\"-webkit-animation-duration: 350ms;animation-duration: 350ms;\"><i style=\"background-color:transparent;border-color:transparent;height:auto;width: 25px;line-height:normal;font-size:25px;\" aria-hidden=\"true\" class=\"fontawesome-icon fa-check fas circle-no\"><\/i><\/div><h2 class=\"content-box-heading\" style=\"--h2_typography-font-size:18px;line-height:23px;\">foil printing<\/h2><\/div><div class=\"fusion-clearfix\"><\/div><div class=\"content-container\">\n<p> speciality printing process which uses heat, pressure and metallic paper (foil). This is used to create different shiny designs and graphics on various materials. Foil printing gives the focus area an incredible look and is quickly becoming the preferred method of printing in many industries.<\/p>\n<\/div><\/div><\/div><div style=\"--awb-backgroundcolor:rgba(255,255,255,0);--awb-content-padding-left:45px;\" class=\"fusion-column content-box-column content-box-column content-box-column-3 col-lg-12 col-md-12 col-sm-12 fusion-content-box-hover content-box-column-last-in-row\"><div class=\"col content-box-wrapper content-wrapper link-area-box icon-hover-animation-none fusion-animated\" data-animationType=\"fadeIn\" data-animationDuration=\"0.25\" data-animationOffset=\"top-into-view\"><div class=\"heading heading-with-icon icon-left\"><div class=\"icon\" style=\"-webkit-animation-duration: 350ms;animation-duration: 350ms;\"><i style=\"background-color:transparent;border-color:transparent;height:auto;width: 25px;line-height:normal;font-size:25px;\" aria-hidden=\"true\" class=\"fontawesome-icon fa-check fas circle-no\"><\/i><\/div><h2 class=\"content-box-heading\" style=\"--h2_typography-font-size:18px;line-height:23px;\">embossing and debossing<\/h2><\/div><div class=\"fusion-clearfix\"><\/div><div class=\"content-container\">\n<p>embossing is an image pressed outwards on the surface of paper or cardboard, while debossing is, on the contrary, an image pressed inwards. For example, braille text is also embossing, for example printed on pharmaceutical packages.<\/p>\n<\/div><\/div><\/div><div style=\"--awb-backgroundcolor:rgba(255,255,255,0);--awb-content-padding-left:45px;\" class=\"fusion-column content-box-column content-box-column content-box-column-4 col-lg-12 col-md-12 col-sm-12 fusion-content-box-hover content-box-column-last-in-row\"><div class=\"col content-box-wrapper content-wrapper link-area-box icon-hover-animation-none fusion-animated\" data-animationType=\"fadeIn\" data-animationDuration=\"0.25\" data-animationOffset=\"top-into-view\"><div class=\"heading heading-with-icon icon-left\"><div class=\"icon\" style=\"-webkit-animation-duration: 350ms;animation-duration: 350ms;\"><i style=\"background-color:transparent;border-color:transparent;height:auto;width: 25px;line-height:normal;font-size:25px;\" aria-hidden=\"true\" class=\"fontawesome-icon fa-check fas circle-no\"><\/i><\/div><h2 class=\"content-box-heading\" style=\"--h2_typography-font-size:18px;line-height:23px;\">all-over UV varnish <\/h2><\/div><div class=\"fusion-clearfix\"><\/div><div class=\"content-container\">\n<p>allows to cover the whole package evenly with either glossy or matt varnish (results are very different)<\/p>\n<\/div><\/div><\/div><div style=\"--awb-backgroundcolor:rgba(255,255,255,0);--awb-content-padding-left:45px;\" class=\"fusion-column content-box-column content-box-column content-box-column-5 col-lg-12 col-md-12 col-sm-12 fusion-content-box-hover content-box-column-last-in-row\"><div class=\"col content-box-wrapper content-wrapper link-area-box icon-hover-animation-none fusion-animated\" data-animationType=\"fadeIn\" data-animationDuration=\"0.25\" data-animationOffset=\"top-into-view\"><div class=\"heading heading-with-icon icon-left\"><div class=\"icon\" style=\"-webkit-animation-duration: 350ms;animation-duration: 350ms;\"><i style=\"background-color:transparent;border-color:transparent;height:auto;width: 25px;line-height:normal;font-size:25px;\" aria-hidden=\"true\" class=\"fontawesome-icon fa-check fas circle-no\"><\/i><\/div><h2 class=\"content-box-heading\" style=\"--h2_typography-font-size:18px;line-height:23px;\">UV spot varnish<\/h2><\/div><div class=\"fusion-clearfix\"><\/div><div class=\"content-container\">\n<p>allows you to highlight a specific design element<\/p>\n<\/div><\/div><\/div><div style=\"--awb-backgroundcolor:rgba(255,255,255,0);--awb-content-padding-left:45px;\" class=\"fusion-column content-box-column content-box-column content-box-column-6 col-lg-12 col-md-12 col-sm-12 fusion-content-box-hover content-box-column-last-in-row\"><div class=\"col content-box-wrapper content-wrapper link-area-box icon-hover-animation-none fusion-animated\" data-animationType=\"fadeIn\" data-animationDuration=\"0.25\" data-animationOffset=\"top-into-view\"><div class=\"heading heading-with-icon icon-left\"><div class=\"icon\" style=\"-webkit-animation-duration: 350ms;animation-duration: 350ms;\"><i style=\"background-color:transparent;border-color:transparent;height:auto;width: 25px;line-height:normal;font-size:25px;\" aria-hidden=\"true\" class=\"fontawesome-icon fa-check fas circle-no\"><\/i><\/div><h2 class=\"content-box-heading\" style=\"--h2_typography-font-size:18px;line-height:23px;\">grooving<\/h2><\/div><div class=\"fusion-clearfix\"><\/div><div class=\"content-container\">\n<p>simplifies folding<\/p>\n<\/div><\/div><\/div><div style=\"--awb-backgroundcolor:rgba(255,255,255,0);--awb-content-padding-left:45px;\" class=\"fusion-column content-box-column content-box-column content-box-column-7 col-lg-12 col-md-12 col-sm-12 fusion-content-box-hover content-box-column-last-in-row\"><div class=\"col content-box-wrapper content-wrapper link-area-box icon-hover-animation-none fusion-animated\" data-animationType=\"fadeIn\" data-animationDuration=\"0.25\" data-animationOffset=\"top-into-view\"><div class=\"heading heading-with-icon icon-left\"><div class=\"icon\" style=\"-webkit-animation-duration: 350ms;animation-duration: 350ms;\"><i style=\"background-color:transparent;border-color:transparent;height:auto;width: 25px;line-height:normal;font-size:25px;\" aria-hidden=\"true\" class=\"fontawesome-icon fa-check fas circle-no\"><\/i><\/div><h2 class=\"content-box-heading\" style=\"--h2_typography-font-size:18px;line-height:23px;\">folding<\/h2><\/div><div class=\"fusion-clearfix\"><\/div><div class=\"content-container\">\n<p>folded printing is more compact and convenient to carry<\/p>\n<\/div><\/div><\/div><div style=\"--awb-backgroundcolor:rgba(255,255,255,0);--awb-content-padding-left:45px;\" class=\"fusion-column content-box-column content-box-column content-box-column-8 col-lg-12 col-md-12 col-sm-12 fusion-content-box-hover content-box-column-last-in-row\"><div class=\"col content-box-wrapper content-wrapper link-area-box icon-hover-animation-none fusion-animated\" data-animationType=\"fadeIn\" data-animationDuration=\"0.25\" data-animationOffset=\"top-into-view\"><div class=\"heading heading-with-icon icon-left\"><div class=\"icon\" style=\"-webkit-animation-duration: 350ms;animation-duration: 350ms;\"><i style=\"background-color:transparent;border-color:transparent;height:auto;width: 25px;line-height:normal;font-size:25px;\" aria-hidden=\"true\" class=\"fontawesome-icon fa-check fas circle-no\"><\/i><\/div><h2 class=\"content-box-heading\" style=\"--h2_typography-font-size:18px;line-height:23px;\">cut<\/h2><\/div><div class=\"fusion-clearfix\"><\/div><div class=\"content-container\">\n<p>gives the print a straight edge or creates just the shape you want<\/p>\n<\/div><\/div><\/div><div style=\"--awb-backgroundcolor:rgba(255,255,255,0);--awb-content-padding-left:45px;\" class=\"fusion-column content-box-column content-box-column content-box-column-9 col-lg-12 col-md-12 col-sm-12 fusion-content-box-hover content-box-column-last-in-row\"><div class=\"col content-box-wrapper content-wrapper link-area-box icon-hover-animation-none fusion-animated\" data-animationType=\"fadeIn\" data-animationDuration=\"0.25\" data-animationOffset=\"top-into-view\"><div class=\"heading heading-with-icon icon-left\"><div class=\"icon\" style=\"-webkit-animation-duration: 350ms;animation-duration: 350ms;\"><i style=\"background-color:transparent;border-color:transparent;height:auto;width: 25px;line-height:normal;font-size:25px;\" aria-hidden=\"true\" class=\"fontawesome-icon fa-check fas circle-no\"><\/i><\/div><h2 class=\"content-box-heading\" style=\"--h2_typography-font-size:18px;line-height:23px;\">drilling<\/h2><\/div><div class=\"fusion-clearfix\"><\/div><div class=\"content-container\">\n<p>making holes (eg for hanging a print or putting it in a binder)<\/p>\n<\/div><\/div><\/div><div style=\"--awb-backgroundcolor:rgba(255,255,255,0);--awb-content-padding-left:45px;\" class=\"fusion-column content-box-column content-box-column content-box-column-10 col-lg-12 col-md-12 col-sm-12 fusion-content-box-hover content-box-column-last-in-row\"><div class=\"col content-box-wrapper content-wrapper link-area-box icon-hover-animation-none fusion-animated\" data-animationType=\"fadeIn\" data-animationDuration=\"0.25\" data-animationOffset=\"top-into-view\"><div class=\"heading heading-with-icon icon-left\"><div class=\"icon\" style=\"-webkit-animation-duration: 350ms;animation-duration: 350ms;\"><i style=\"background-color:transparent;border-color:transparent;height:auto;width: 25px;line-height:normal;font-size:25px;\" aria-hidden=\"true\" class=\"fontawesome-icon fa-check fas circle-no\"><\/i><\/div><h2 class=\"content-box-heading\" style=\"--h2_typography-font-size:18px;line-height:23px;\">gluing<\/h2><\/div><div class=\"fusion-clearfix\"><\/div><div class=\"content-container\">\n<p>joining pages (eg to create a logical sequence)<\/p>\n<\/div><\/div><\/div><div style=\"--awb-backgroundcolor:rgba(255,255,255,0);--awb-content-padding-left:45px;\" class=\"fusion-column content-box-column content-box-column content-box-column-11 col-lg-12 col-md-12 col-sm-12 fusion-content-box-hover content-box-column-last-in-row\"><div class=\"col content-box-wrapper content-wrapper link-area-box icon-hover-animation-none fusion-animated\" data-animationType=\"fadeIn\" data-animationDuration=\"0.25\" data-animationOffset=\"top-into-view\"><div class=\"heading heading-with-icon icon-left\"><div class=\"icon\" style=\"-webkit-animation-duration: 350ms;animation-duration: 350ms;\"><i style=\"background-color:transparent;border-color:transparent;height:auto;width: 25px;line-height:normal;font-size:25px;\" aria-hidden=\"true\" class=\"fontawesome-icon fa-check fas circle-no\"><\/i><\/div><h2 class=\"content-box-heading\" style=\"--h2_typography-font-size:18px;line-height:23px;\">perforation<\/h2><\/div><div class=\"fusion-clearfix\"><\/div><div class=\"content-container\">\n<p>means the creation of a dotted line on a print to make it easier to break (eg to create windows in an Advent calendar)<\/p>\n<\/div><\/div><\/div><div style=\"--awb-backgroundcolor:rgba(255,255,255,0);--awb-content-padding-left:45px;\" class=\"fusion-column content-box-column content-box-column content-box-column-12 col-lg-12 col-md-12 col-sm-12 fusion-content-box-hover content-box-column-last-in-row\"><div class=\"col content-box-wrapper content-wrapper link-area-box icon-hover-animation-none fusion-animated\" data-animationType=\"fadeIn\" data-animationDuration=\"0.25\" data-animationOffset=\"top-into-view\"><div class=\"heading heading-with-icon icon-left\"><div class=\"icon\" style=\"-webkit-animation-duration: 350ms;animation-duration: 350ms;\"><i style=\"background-color:transparent;border-color:transparent;height:auto;width: 25px;line-height:normal;font-size:25px;\" aria-hidden=\"true\" class=\"fontawesome-icon fa-check fas circle-no\"><\/i><\/div><h2 class=\"content-box-heading\" style=\"--h2_typography-font-size:18px;line-height:23px;\">numbering<\/h2><\/div><div class=\"fusion-clearfix\"><\/div><div class=\"content-container\">\n<p>ensures a logical sequence and saves the user time<\/p>\n<\/div><\/div><\/div><div style=\"--awb-backgroundcolor:rgba(255,255,255,0);--awb-content-padding-left:45px;\" class=\"fusion-column content-box-column content-box-column content-box-column-13 col-lg-12 col-md-12 col-sm-12 fusion-content-box-hover content-box-column-last-in-row\"><div class=\"col content-box-wrapper content-wrapper link-area-box icon-hover-animation-none fusion-animated\" data-animationType=\"fadeIn\" data-animationDuration=\"0.25\" data-animationOffset=\"top-into-view\"><div class=\"heading heading-with-icon icon-left\"><div class=\"icon\" style=\"-webkit-animation-duration: 350ms;animation-duration: 350ms;\"><i style=\"background-color:transparent;border-color:transparent;height:auto;width: 25px;line-height:normal;font-size:25px;\" aria-hidden=\"true\" class=\"fontawesome-icon fa-check fas circle-no\"><\/i><\/div><h2 class=\"content-box-heading\" style=\"--h2_typography-font-size:18px;line-height:23px;\">wiring<\/h2><\/div><div class=\"fusion-clearfix\"><\/div><div class=\"content-container\">\n<p>means the fixing of sheets of paper by wire<\/p>\n<\/div><\/div><\/div><div style=\"--awb-backgroundcolor:rgba(255,255,255,0);--awb-content-padding-left:45px;\" class=\"fusion-column content-box-column content-box-column content-box-column-14 col-lg-12 col-md-12 col-sm-12 fusion-content-box-hover content-box-column-last content-box-column-last-in-row\"><div class=\"col content-box-wrapper content-wrapper link-area-box icon-hover-animation-none fusion-animated\" data-animationType=\"fadeIn\" data-animationDuration=\"0.25\" data-animationOffset=\"top-into-view\"><div class=\"heading heading-with-icon icon-left\"><div class=\"icon\" style=\"-webkit-animation-duration: 350ms;animation-duration: 350ms;\"><i style=\"background-color:transparent;border-color:transparent;height:auto;width: 25px;line-height:normal;font-size:25px;\" aria-hidden=\"true\" class=\"fontawesome-icon fa-check fas circle-no\"><\/i><\/div><h2 class=\"content-box-heading\" style=\"--h2_typography-font-size:18px;line-height:23px;\">binding<\/h2><\/div><div class=\"fusion-clearfix\"><\/div><div class=\"content-container\">\n<p>various techniques can be used, such as gluing, saddle-stitching or wire-o binding<\/p>\n<\/div><\/div><\/div><div class=\"fusion-clearfix\"><\/div><\/div><div class=\"fusion-image-element \" style=\"--awb-caption-title-font-family:var(--h2_typography-font-family);--awb-caption-title-font-weight:var(--h2_typography-font-weight);--awb-caption-title-font-style:var(--h2_typography-font-style);--awb-caption-title-size:var(--h2_typography-font-size);--awb-caption-title-transform:var(--h2_typography-text-transform);--awb-caption-title-line-height:var(--h2_typography-line-height);--awb-caption-title-letter-spacing:var(--h2_typography-letter-spacing);\"><span class=\" fusion-imageframe imageframe-none imageframe-1 hover-type-none\"><img decoding=\"async\" width=\"1200\" height=\"801\" title=\"j\u00e4relt\u00f6\u00f6tlus\" src=\"https:\/\/kruul.ee\/wp-content\/uploads\/2021\/01\/jareltootlus.jpg\" alt class=\"img-responsive wp-image-20924\" srcset=\"https:\/\/kruul.ee\/wp-content\/uploads\/2021\/01\/jareltootlus-200x134.jpg 200w, https:\/\/kruul.ee\/wp-content\/uploads\/2021\/01\/jareltootlus-400x267.jpg 400w, https:\/\/kruul.ee\/wp-content\/uploads\/2021\/01\/jareltootlus-600x401.jpg 600w, https:\/\/kruul.ee\/wp-content\/uploads\/2021\/01\/jareltootlus-800x534.jpg 800w, https:\/\/kruul.ee\/wp-content\/uploads\/2021\/01\/jareltootlus.jpg 1200w\" sizes=\"(max-width: 1024px) 100vw, (max-width: 640px) 100vw, 1200px\" \/><\/span><\/div><\/div><\/div><\/div><\/div>\n","protected":false},"excerpt":{"rendered":"","protected":false},"author":5,"featured_media":0,"parent":21091,"menu_order":0,"comment_status":"closed","ping_status":"closed","template":"","meta":{"footnotes":""},"_links":{"self":[{"href":"https:\/\/kruul.ee\/en\/wp-json\/wp\/v2\/pages\/21104"}],"collection":[{"href":"https:\/\/kruul.ee\/en\/wp-json\/wp\/v2\/pages"}],"about":[{"href":"https:\/\/kruul.ee\/en\/wp-json\/wp\/v2\/types\/page"}],"author":[{"embeddable":true,"href":"https:\/\/kruul.ee\/en\/wp-json\/wp\/v2\/users\/5"}],"replies":[{"embeddable":true,"href":"https:\/\/kruul.ee\/en\/wp-json\/wp\/v2\/comments?post=21104"}],"version-history":[{"count":5,"href":"https:\/\/kruul.ee\/en\/wp-json\/wp\/v2\/pages\/21104\/revisions"}],"predecessor-version":[{"id":21131,"href":"https:\/\/kruul.ee\/en\/wp-json\/wp\/v2\/pages\/21104\/revisions\/21131"}],"up":[{"embeddable":true,"href":"https:\/\/kruul.ee\/en\/wp-json\/wp\/v2\/pages\/21091"}],"wp:attachment":[{"href":"https:\/\/kruul.ee\/en\/wp-json\/wp\/v2\/media?parent=21104"}],"curies":[{"name":"wp","href":"https:\/\/api.w.org\/{rel}","templated":true}]}}